{"id":1268,"date":"2024-07-09T15:32:54","date_gmt":"2024-07-09T21:32:54","guid":{"rendered":"https:\/\/www.cdpc.hn\/?page_id=1268"},"modified":"2025-09-04T15:20:35","modified_gmt":"2025-09-04T21:20:35","slug":"resoluciones-normativas","status":"publish","type":"page","link":"https:\/\/www.cdpc.hn\/?page_id=1268","title":{"rendered":"Resoluciones Normativas"},"content":{"rendered":"\n<div class=\"wp-block-uagb-separator uagb-block-5e02b1ef\"><div class=\"wp-block-uagb-separator__inner\" style=\"--my-background-image:\"><\/div><\/div>\n\n\n\n<div class=\"wp-block-uagb-advanced-heading uagb-block-d2225b8e\"><h1 class=\"uagb-heading-text\">Resoluciones Normativas<\/h1><\/div>\n\n\n\n<div class=\"wp-block-uagb-image aligncenter uagb-block-46052afc wp-block-uagb-image--layout-default wp-block-uagb-image--effect-static wp-block-uagb-image--align-center\"><figure class=\"wp-block-uagb-image__figure\"><img decoding=\"async\" srcset=\"https:\/\/www.cdpc.hn\/wp-content\/uploads\/2025\/08\/RESOLUCIONES-NORMATIVAS-1.png ,https:\/\/www.cdpc.hn\/wp-content\/uploads\/2025\/08\/RESOLUCIONES-NORMATIVAS-1.png 780w, https:\/\/www.cdpc.hn\/wp-content\/uploads\/2025\/08\/RESOLUCIONES-NORMATIVAS-1.png 360w\" sizes=\"auto, (max-width: 480px) 150px\" src=\"https:\/\/www.cdpc.hn\/wp-content\/uploads\/2025\/08\/RESOLUCIONES-NORMATIVAS-1.png\" alt=\"\" class=\"uag-image-2196\" width=\"156\" height=\"156\" title=\"RESOLUCIONES NORMATIVAS\" loading=\"lazy\" role=\"img\"\/><\/figure><\/div>\n\n\n\n<div style=\"height:62px\" aria-hidden=\"true\" class=\"wp-block-spacer\"><\/div>\n\n\n\n<section class=\"wp-block-uagb-columns uagb-columns__wrap uagb-columns__background-none uagb-columns__stack-mobile uagb-columns__valign- uagb-columns__gap-10 align uagb-block-c49a5d07 uagb-columns__columns-3 uagb-columns__max_width-theme\"><div class=\"uagb-columns__overlay\"><\/div><div class=\"uagb-columns__inner-wrap uagb-columns__columns-3\">\n<div class=\"wp-block-uagb-column uagb-column__wrap uagb-column__background-undefined uagb-block-67ece3ad\"><div class=\"uagb-column__overlay\"><\/div><\/div>\n\n\n\n<div class=\"wp-block-uagb-column uagb-column__wrap uagb-column__background-undefined uagb-block-b87392ea\"><div class=\"uagb-column__overlay\"><\/div>\n<h1 class=\"wp-block-heading has-text-align-center\" style=\"font-size:27px;font-style:normal;font-weight:700\"><strong><strong>Resoluci\u00f3n<\/strong><\/strong><\/h1>\n<\/div>\n\n\n\n<div class=\"wp-block-uagb-column uagb-column__wrap uagb-column__background-undefined uagb-block-319b26a1\"><div class=\"uagb-column__overlay\"><\/div>\n<h1 class=\"wp-block-heading has-text-align-center\" style=\"font-size:27px\"><strong><strong><strong>Asunto<\/strong><\/strong><\/strong><\/h1>\n<\/div>\n<\/div><\/section>\n\n\n\n<section class=\"wp-block-uagb-columns uagb-columns__wrap uagb-columns__background-none uagb-columns__stack-mobile uagb-columns__valign- uagb-columns__gap-10 align uagb-block-fdc53a82 uagb-columns__columns-3 uagb-columns__max_width-theme\"><div class=\"uagb-columns__overlay\"><\/div><div class=\"uagb-columns__inner-wrap uagb-columns__columns-3\">\n<div class=\"wp-block-uagb-column uagb-column__wrap uagb-column__background-undefined uagb-block-6a07513f\"><div class=\"uagb-column__overlay\"><\/div>\n<div class=\"wp-block-uagb-image aligncenter uagb-block-9bfe4363 wp-block-uagb-image--layout-default wp-block-uagb-image--effect-static wp-block-uagb-image--align-center\"><figure class=\"wp-block-uagb-image__figure\"><a class=\"\" href=\"https:\/\/www.cdpc.hn\/wp-content\/uploads\/2024\/10\/RESOLUCION-NUEVOS-UMBRALES-PDF.pdf\" target=\"_blank\" rel=\"noreferrer noopener\"><img decoding=\"async\" srcset=\"https:\/\/www.cdpc.hn\/wp-content\/uploads\/2024\/07\/descar-1.png \" sizes=\"auto, (max-width: 480px) 150px\" src=\"https:\/\/www.cdpc.hn\/wp-content\/uploads\/2024\/07\/descar-1.png\" alt=\"\" class=\"uag-image-1059\" width=\"40\" height=\"40\" title=\"\" loading=\"lazy\" role=\"img\"\/><\/a><\/figure><\/div>\n<\/div>\n\n\n\n<div class=\"wp-block-uagb-column uagb-column__wrap uagb-column__background-undefined uagb-block-0cc62663\"><div class=\"uagb-column__overlay\"><\/div>\n<h5 class=\"wp-block-heading has-text-align-center has-ast-global-color-6-color has-text-color has-link-color has-medium-font-size wp-elements-e02c9735aaecd7ff6b4c2abc0220d477\" style=\"font-style:normal;font-weight:700\"><strong><a href=\"https:\/\/www.cdpc.hn\/wp-content\/uploads\/2024\/10\/RESOLUCION-NUEVOS-UMBRALES-PDF.pdf\" data-type=\"link\" data-id=\"https:\/\/www.cdpc.hn\/wp-content\/uploads\/2024\/10\/RESOLUCION-NUEVOS-UMBRALES-PDF.pdf\" target=\"_blank\" rel=\"noreferrer noopener\">&nbsp;04-CDPC-2014-A\u00d1O-IX<\/a><\/strong><\/h5>\n<\/div>\n\n\n\n<div class=\"wp-block-uagb-column uagb-column__wrap uagb-column__background-undefined uagb-block-30ff52ae\"><div class=\"uagb-column__overlay\"><\/div>\n<h5 class=\"wp-block-heading has-text-align-center has-medium-font-size\"><strong><strong>Resoluci\u00f3n nuevos umbrales<\/strong><\/strong><\/h5>\n<\/div>\n<\/div><\/section>\n\n\n\n<section class=\"wp-block-uagb-columns uagb-columns__wrap uagb-columns__background-none uagb-columns__stack-mobile uagb-columns__valign- uagb-columns__gap-10 align uagb-block-734a2816 uagb-columns__columns-3 uagb-columns__max_width-theme\"><div class=\"uagb-columns__overlay\"><\/div><div class=\"uagb-columns__inner-wrap uagb-columns__columns-3\">\n<div class=\"wp-block-uagb-column uagb-column__wrap uagb-column__background-undefined uagb-block-705f7304\"><div class=\"uagb-column__overlay\"><\/div>\n<div class=\"wp-block-uagb-image aligncenter uagb-block-20d5c390 wp-block-uagb-image--layout-default wp-block-uagb-image--effect-static wp-block-uagb-image--align-center\"><figure class=\"wp-block-uagb-image__figure\"><a class=\"\" href=\"https:\/\/www.cdpc.hn\/wp-content\/uploads\/2024\/10\/Certificacion-014-CDPC-2012-A-VII.pdf\" target=\"_blank\" rel=\"noreferrer noopener\"><img decoding=\"async\" srcset=\"https:\/\/www.cdpc.hn\/wp-content\/uploads\/2024\/07\/descar-1.png \" sizes=\"auto, (max-width: 480px) 150px\" src=\"https:\/\/www.cdpc.hn\/wp-content\/uploads\/2024\/07\/descar-1.png\" alt=\"\" class=\"uag-image-1059\" width=\"40\" height=\"40\" title=\"\" loading=\"lazy\" role=\"img\"\/><\/a><\/figure><\/div>\n<\/div>\n\n\n\n<div class=\"wp-block-uagb-column uagb-column__wrap uagb-column__background-undefined uagb-block-2720a11f\"><div class=\"uagb-column__overlay\"><\/div>\n<h5 class=\"wp-block-heading has-text-align-center has-black-color has-text-color has-link-color has-medium-font-size wp-elements-b8f8b1df5a74e80592940c9c7d24583e\" style=\"font-style:normal;font-weight:700\"><strong><a href=\"https:\/\/www.cdpc.hn\/wp-content\/uploads\/2024\/10\/Certificacion-014-CDPC-2012-A-VII.pdf\" data-type=\"link\" data-id=\"https:\/\/www.cdpc.hn\/wp-content\/uploads\/2024\/10\/Certificacion-014-CDPC-2012-A-VII.pdf\" target=\"_blank\" rel=\"noreferrer noopener\">04-CDPC-2012-A\u00d1O-VII<\/a><\/strong><\/h5>\n<\/div>\n\n\n\n<div class=\"wp-block-uagb-column uagb-column__wrap uagb-column__background-undefined uagb-block-549c91f1\"><div class=\"uagb-column__overlay\"><\/div>\n<h5 class=\"wp-block-heading has-text-align-center has-medium-font-size\"><strong><strong><strong>Resoluci\u00f3n normativa Art. 13 reglamento LDPC<\/strong><\/strong><\/strong><\/h5>\n<\/div>\n<\/div><\/section>\n\n\n\n<section class=\"wp-block-uagb-columns uagb-columns__wrap uagb-columns__background-none uagb-columns__stack-mobile uagb-columns__valign- uagb-columns__gap-10 align uagb-block-e5348646 uagb-columns__columns-3 uagb-columns__max_width-theme\"><div class=\"uagb-columns__overlay\"><\/div><div class=\"uagb-columns__inner-wrap uagb-columns__columns-3\">\n<div class=\"wp-block-uagb-column uagb-column__wrap uagb-column__background-undefined uagb-block-9424c351\"><div class=\"uagb-column__overlay\"><\/div>\n<div class=\"wp-block-uagb-image aligncenter uagb-block-7fdef578 wp-block-uagb-image--layout-default wp-block-uagb-image--effect-static wp-block-uagb-image--align-center\"><figure class=\"wp-block-uagb-image__figure\"><a class=\"\" href=\"https:\/\/www.cdpc.hn\/wp-content\/uploads\/2024\/10\/Res_AjusteMultas-002-CDPC-2024.pdf\" target=\"_blank\" rel=\"noreferrer noopener\"><img decoding=\"async\" srcset=\"https:\/\/www.cdpc.hn\/wp-content\/uploads\/2024\/07\/descar-1.png \" sizes=\"auto, (max-width: 480px) 150px\" src=\"https:\/\/www.cdpc.hn\/wp-content\/uploads\/2024\/07\/descar-1.png\" alt=\"\" class=\"uag-image-1059\" width=\"40\" height=\"40\" title=\"\" loading=\"lazy\" role=\"img\"\/><\/a><\/figure><\/div>\n<\/div>\n\n\n\n<div class=\"wp-block-uagb-column uagb-column__wrap uagb-column__background-undefined uagb-block-940fb42a\"><div class=\"uagb-column__overlay\"><\/div>\n<h5 class=\"wp-block-heading has-text-align-center has-ast-global-color-6-color has-text-color has-link-color has-medium-font-size wp-elements-9b3be16966e2df1ab85912d19d42d728\" style=\"font-style:normal;font-weight:700\"><strong><a href=\"https:\/\/www.cdpc.hn\/wp-content\/uploads\/2024\/10\/Res_AjusteMultas-002-CDPC-2024.pdf\" data-type=\"link\" data-id=\"https:\/\/www.cdpc.hn\/wp-content\/uploads\/2024\/10\/Res_AjusteMultas-002-CDPC-2024.pdf\" target=\"_blank\" rel=\"noreferrer noopener\">FE DE ERRATAS Y RES .002-CDPC-2024-A\u00d1O-XVlll&nbsp;<\/a><\/strong><\/h5>\n<\/div>\n\n\n\n<div class=\"wp-block-uagb-column uagb-column__wrap uagb-column__background-undefined uagb-block-79901f58\"><div class=\"uagb-column__overlay\"><\/div>\n<h5 class=\"wp-block-heading has-text-align-center has-medium-font-size\"><strong><strong><strong>Resoluci\u00f3n ajuste de multas por inflaci\u00f3n<\/strong><\/strong><\/strong><\/h5>\n<\/div>\n<\/div><\/section>\n\n\n\n<section class=\"wp-block-uagb-columns uagb-columns__wrap uagb-columns__background-none uagb-columns__stack-mobile uagb-columns__valign- uagb-columns__gap-10 align uagb-block-1dd154bc uagb-columns__columns-3 uagb-columns__max_width-theme\"><div class=\"uagb-columns__overlay\"><\/div><div class=\"uagb-columns__inner-wrap uagb-columns__columns-3\">\n<div class=\"wp-block-uagb-column uagb-column__wrap uagb-column__background-undefined uagb-block-c3b1a55a\"><div class=\"uagb-column__overlay\"><\/div>\n<div class=\"wp-block-uagb-image aligncenter uagb-block-53e91235 wp-block-uagb-image--layout-default wp-block-uagb-image--effect-static wp-block-uagb-image--align-center\"><figure class=\"wp-block-uagb-image__figure\"><a class=\"\" href=\"https:\/\/www.cdpc.hn\/wp-content\/uploads\/2024\/10\/CIRCULAR-SOBRE-REFORMAS-DE-LA-LEY-DE-CDPC-2015_a-colores.pdf\" target=\"_blank\" rel=\"noreferrer noopener\"><img decoding=\"async\" srcset=\"https:\/\/www.cdpc.hn\/wp-content\/uploads\/2024\/07\/descar-1.png \" sizes=\"auto, (max-width: 480px) 150px\" src=\"https:\/\/www.cdpc.hn\/wp-content\/uploads\/2024\/07\/descar-1.png\" alt=\"\" class=\"uag-image-1059\" width=\"40\" height=\"40\" title=\"\" loading=\"lazy\" role=\"img\"\/><\/a><\/figure><\/div>\n<\/div>\n\n\n\n<div class=\"wp-block-uagb-column uagb-column__wrap uagb-column__background-undefined uagb-block-9a08f567\"><div class=\"uagb-column__overlay\"><\/div>\n<h5 class=\"wp-block-heading has-text-align-center has-ast-global-color-6-color has-text-color has-link-color has-medium-font-size wp-elements-0a8c600b2223bfb592717ba7f8a96052\" style=\"font-style:normal;font-weight:700\"><strong><a href=\"https:\/\/www.cdpc.hn\/wp-content\/uploads\/2024\/10\/CIRCULAR-SOBRE-REFORMAS-DE-LA-LEY-DE-CDPC-2015_a-colores.pdf\" data-type=\"link\" data-id=\"https:\/\/www.cdpc.hn\/wp-content\/uploads\/2024\/10\/CIRCULAR-SOBRE-REFORMAS-DE-LA-LEY-DE-CDPC-2015_a-colores.pdf\" target=\"_blank\" rel=\"noreferrer noopener\">Circular No. 01-2015-SG<\/a><\/strong><\/h5>\n<\/div>\n\n\n\n<div class=\"wp-block-uagb-column uagb-column__wrap uagb-column__background-undefined uagb-block-a4af69a8\"><div class=\"uagb-column__overlay\"><\/div>\n<h5 class=\"wp-block-heading has-text-align-center has-medium-font-size\"><strong><strong><strong>Tasa por verificaci\u00f3n de Concentraciones Econ\u00f3micas<\/strong><\/strong><\/strong><\/h5>\n<\/div>\n<\/div><\/section>\n\n\n\n<section class=\"wp-block-uagb-columns uagb-columns__wrap uagb-columns__background-none uagb-columns__stack-mobile uagb-columns__valign- uagb-columns__gap-10 align uagb-block-c9fdae43 uagb-columns__columns-3 uagb-columns__max_width-theme\"><div class=\"uagb-columns__overlay\"><\/div><div class=\"uagb-columns__inner-wrap uagb-columns__columns-3\">\n<div class=\"wp-block-uagb-column uagb-column__wrap uagb-column__background-undefined uagb-block-06ed2456\"><div class=\"uagb-column__overlay\"><\/div>\n<div class=\"wp-block-uagb-image aligncenter uagb-block-27ff3ded wp-block-uagb-image--layout-default wp-block-uagb-image--effect-static wp-block-uagb-image--align-center\"><figure class=\"wp-block-uagb-image__figure\"><a class=\"\" href=\"https:\/\/www.cdpc.hn\/wp-content\/uploads\/2024\/10\/Circular_1-SG-CDPC-2022.pdf\" target=\"_blank\" rel=\"noreferrer noopener\"><img decoding=\"async\" srcset=\"https:\/\/www.cdpc.hn\/wp-content\/uploads\/2024\/07\/descar-1.png \" sizes=\"auto, (max-width: 480px) 150px\" src=\"https:\/\/www.cdpc.hn\/wp-content\/uploads\/2024\/07\/descar-1.png\" alt=\"\" class=\"uag-image-1059\" width=\"40\" height=\"40\" title=\"\" loading=\"lazy\" role=\"img\"\/><\/a><\/figure><\/div>\n<\/div>\n\n\n\n<div class=\"wp-block-uagb-column uagb-column__wrap uagb-column__background-undefined uagb-block-0f268a95\"><div class=\"uagb-column__overlay\"><\/div>\n<h5 class=\"wp-block-heading has-text-align-center has-ast-global-color-6-color has-text-color has-link-color has-medium-font-size wp-elements-9b25de19ce0df94e93f97af8c2b6a9da\" style=\"font-style:normal;font-weight:700\"><strong><a href=\"https:\/\/www.cdpc.hn\/wp-content\/uploads\/2024\/10\/Circular_1-SG-CDPC-2022.pdf\" data-type=\"link\" data-id=\"https:\/\/www.cdpc.hn\/wp-content\/uploads\/2024\/10\/Circular_1-SG-CDPC-2022.pdf\" target=\"_blank\" rel=\"noreferrer noopener\">Circular No. 1-SG-CDPC-2022<\/a><\/strong><\/h5>\n<\/div>\n\n\n\n<div class=\"wp-block-uagb-column uagb-column__wrap uagb-column__background-undefined uagb-block-eb1de9e1\"><div class=\"uagb-column__overlay\"><\/div>\n<h5 class=\"wp-block-heading has-text-align-center has-medium-font-size\"><strong><strong><strong><strong>Pagos de Tasa por Verificaci\u00f3n de Concentraci\u00f3n Econ\u00f3mica en d\u00edas h\u00e1biles<\/strong><\/strong><\/strong><\/strong><\/h5>\n<\/div>\n<\/div><\/section>\n\n\n\n<div style=\"height:53px\" aria-hidden=\"true\" class=\"wp-block-spacer\"><\/div>\n","protected":false},"excerpt":{"rendered":"<p>Resoluciones Normativas Resoluci\u00f3n Asunto &nbsp;04-CDPC-2014-A\u00d1O-IX Resoluci\u00f3n nuevos umbrales 04-CDPC-2012-A\u00d1O-VII Resoluci\u00f3n normativa Art. 13 reglamento LDPC FE DE ERRATAS Y RES [&hellip;]<\/p>\n","protected":false},"author":2,"featured_media":0,"parent":0,"menu_order":0,"comment_status":"closed","ping_status":"closed","template":"","meta":{"_uag_custom_page_level_css":"","site-sidebar-layout":"default","site-content-layout":"","ast-site-content-layout":"default","site-content-style":"default","site-sidebar-style":"default","ast-global-header-display":"","ast-banner-title-visibility":"","ast-main-header-display":"","ast-hfb-above-header-display":"","ast-hfb-below-header-display":"","ast-hfb-mobile-header-display":"","site-post-title":"disabled","ast-breadcrumbs-content":"","ast-featured-img":"","footer-sml-layout":"","ast-disable-related-posts":"","theme-transparent-header-meta":"","adv-header-id-meta":"","stick-header-meta":"","header-above-stick-meta":"","header-main-stick-meta":"","header-below-stick-meta":"","astra-migrate-meta-layouts":"default","ast-page-background-enabled":"default","ast-page-background-meta":{"desktop":{"background-color":"var(--ast-global-color-4)","background-image":"","background-repeat":"repeat","background-position":"center center","background-size":"auto","background-attachment":"scroll","background-type":"","background-media":"","overlay-type":"","overlay-color":"","overlay-opacity":"","overlay-gradient":""},"tablet":{"background-color":"","background-image":"","background-repeat":"repeat","background-position":"center center","background-size":"auto","background-attachment":"scroll","background-type":"","background-media":"","overlay-type":"","overlay-color":"","overlay-opacity":"","overlay-gradient":""},"mobile":{"background-color":"","background-image":"","background-repeat":"repeat","background-position":"center center","background-size":"auto","background-attachment":"scroll","background-type":"","background-media":"","overlay-type":"","overlay-color":"","overlay-opacity":"","overlay-gradient":""}},"ast-content-background-meta":{"desktop":{"background-color":"var(--ast-global-color-5)","background-image":"","background-repeat":"repeat","background-position":"center center","background-size":"auto","background-attachment":"scroll","background-type":"","background-media":"","overlay-type":"","overlay-color":"","overlay-opacity":"","overlay-gradient":""},"tablet":{"background-color":"var(--ast-global-color-5)","background-image":"","background-repeat":"repeat","background-position":"center center","background-size":"auto","background-attachment":"scroll","background-type":"","background-media":"","overlay-type":"","overlay-color":"","overlay-opacity":"","overlay-gradient":""},"mobile":{"background-color":"var(--ast-global-color-5)","background-image":"","background-repeat":"repeat","background-position":"center center","background-size":"auto","background-attachment":"scroll","background-type":"","background-media":"","overlay-type":"","overlay-color":"","overlay-opacity":"","overlay-gradient":""}},"footnotes":""},"class_list":["post-1268","page","type-page","status-publish","hentry"],"uagb_featured_image_src":{"full":false,"thumbnail":false,"medium":false,"medium_large":false,"large":false,"1536x1536":false,"2048x2048":false},"uagb_author_info":{"display_name":"Junnior Sanchez","author_link":"https:\/\/www.cdpc.hn\/?author=2"},"uagb_comment_info":0,"uagb_excerpt":"Resoluciones Normativas Resoluci\u00f3n Asunto &nbsp;04-CDPC-2014-A\u00d1O-IX Resoluci\u00f3n nuevos umbrales 04-CDPC-2012-A\u00d1O-VII Resoluci\u00f3n normativa Art. 13 reglamento LDPC FE DE ERRATAS Y RES [&hellip;]","_links":{"self":[{"href":"https:\/\/www.cdpc.hn\/index.php?rest_route=\/wp\/v2\/pages\/1268","targetHints":{"allow":["GET"]}}],"collection":[{"href":"https:\/\/www.cdpc.hn\/index.php?rest_route=\/wp\/v2\/pages"}],"about":[{"href":"https:\/\/www.cdpc.hn\/index.php?rest_route=\/wp\/v2\/types\/page"}],"author":[{"embeddable":true,"href":"https:\/\/www.cdpc.hn\/index.php?rest_route=\/wp\/v2\/users\/2"}],"replies":[{"embeddable":true,"href":"https:\/\/www.cdpc.hn\/index.php?rest_route=%2Fwp%2Fv2%2Fcomments&post=1268"}],"version-history":[{"count":17,"href":"https:\/\/www.cdpc.hn\/index.php?rest_route=\/wp\/v2\/pages\/1268\/revisions"}],"predecessor-version":[{"id":2334,"href":"https:\/\/www.cdpc.hn\/index.php?rest_route=\/wp\/v2\/pages\/1268\/revisions\/2334"}],"wp:attachment":[{"href":"https:\/\/www.cdpc.hn\/index.php?rest_route=%2Fwp%2Fv2%2Fmedia&parent=1268"}],"curies":[{"name":"wp","href":"https:\/\/api.w.org\/{rel}","templated":true}]}}