{"id":1270,"date":"2024-07-09T15:39:28","date_gmt":"2024-07-09T21:39:28","guid":{"rendered":"https:\/\/www.cdpc.hn\/?page_id=1270"},"modified":"2025-10-06T11:23:47","modified_gmt":"2025-10-06T17:23:47","slug":"marco-juridico","status":"publish","type":"page","link":"https:\/\/www.cdpc.hn\/?page_id=1270","title":{"rendered":"Marco Jur\u00eddico"},"content":{"rendered":"\n<div class=\"wp-block-uagb-separator uagb-block-e84279bb\"><div class=\"wp-block-uagb-separator__inner\" style=\"--my-background-image:\"><\/div><\/div>\n\n\n\n<div class=\"wp-block-uagb-advanced-heading uagb-block-d2225b8e\"><h1 class=\"uagb-heading-text\">Marco Jur\u00eddico<\/h1><\/div>\n\n\n\n<p class=\"has-text-align-center has-medium-font-size\">La Comisi\u00f3n para la Defensa y Promoci\u00f3n de la Competencia (<strong>CDPC<\/strong>), con sede en Tegucigalpa, Honduras, fue creada mediante&nbsp;<strong>Decreto Legislativo No. 357-2005<\/strong>&nbsp;publicado en el Diario Oficial&nbsp;<strong>La Gaceta No. 30,290<\/strong>&nbsp;de 4 de febrero de 2006, como una instituci\u00f3n Aut\u00f3noma, con personalidad jur\u00eddica, y patrimonio propio, con independencia funcional, administrativa, t\u00e9cnica y financiera, cuya misi\u00f3n es promover, proteger y garantizar el ejercicio de la libre competencia con el fin de procurar el funcionamiento eficiente del mercado y el bienestar de los consumidores&nbsp;<\/p>\n\n\n\n<section class=\"wp-block-uagb-columns uagb-columns__wrap uagb-columns__background-none uagb-columns__stack-mobile uagb-columns__valign- uagb-columns__gap-10 align uagb-block-ed9565df uagb-columns__columns-2 uagb-columns__max_width-theme\"><div class=\"uagb-columns__overlay\"><\/div><div class=\"uagb-columns__inner-wrap uagb-columns__columns-2\">\n<div class=\"wp-block-uagb-column uagb-column__wrap uagb-column__background-undefined uagb-block-1b5b2fe0\"><div class=\"uagb-column__overlay\"><\/div>\n<section class=\"wp-block-uagb-section uagb-section__wrap uagb-section__background-none uagb-block-45b0af5c\"><div class=\"uagb-section__overlay\"><\/div><div class=\"uagb-section__inner-wrap\">\n<div class=\"wp-block-uagb-advanced-heading uagb-block-fe7c68ef\"><h5 class=\"uagb-heading-text\"><a href=\"https:\/\/www.cdpc.hn\/wp-content\/uploads\/2024\/10\/LeydeCompetencia_Honduras.pdf\" data-type=\"link\" data-id=\"https:\/\/www.cdpc.hn\/wp-content\/uploads\/2024\/10\/LeydeCompetencia_Honduras.pdf\" target=\"_blank\" rel=\"noreferrer noopener\">Ley para la Defensa y Promoci\u00f3n de la Competencia, sus reformas y reglamentos.<\/a><\/h5><\/div>\n<\/div><\/section>\n\n\n\n<section class=\"wp-block-uagb-section uagb-section__wrap uagb-section__background-none uagb-block-d23feb5f\"><div class=\"uagb-section__overlay\"><\/div><div class=\"uagb-section__inner-wrap\">\n<div class=\"wp-block-uagb-image aligncenter uagb-block-db47806d wp-block-uagb-image--layout-default wp-block-uagb-image--effect-static wp-block-uagb-image--align-center\"><figure class=\"wp-block-uagb-image__figure\"><a class=\"\" href=\"https:\/\/www.cdpc.hn\/wp-content\/uploads\/2024\/10\/LeydeCompetencia_Honduras.pdf\" target=\"_blank\" rel=\"noreferrer noopener\"><img decoding=\"async\" srcset=\"https:\/\/www.cdpc.hn\/wp-content\/uploads\/2024\/07\/lEY-es-855x1024.png \" sizes=\"auto, (max-width: 480px) 150px\" src=\"https:\/\/www.cdpc.hn\/wp-content\/uploads\/2024\/07\/lEY-es-855x1024.png\" alt=\"\" class=\"uag-image-1287\" width=\"150\" height=\"200\" title=\"\" loading=\"lazy\" role=\"img\"\/><\/a><\/figure><\/div>\n<\/div><\/section>\n<\/div>\n\n\n\n<div class=\"wp-block-uagb-column uagb-column__wrap uagb-column__background-undefined uagb-block-07558e53\"><div class=\"uagb-column__overlay\"><\/div>\n<section class=\"wp-block-uagb-section uagb-section__wrap uagb-section__background-none uagb-block-cd6c3416\"><div class=\"uagb-section__overlay\"><\/div><div class=\"uagb-section__inner-wrap\">\n<div class=\"wp-block-uagb-advanced-heading uagb-block-e5520b47\"><h5 class=\"uagb-heading-text\"><a href=\"https:\/\/www.cdpc.hn\/wp-content\/uploads\/2024\/10\/ley_de_competencia_en_ingles.pdf\" data-type=\"link\" data-id=\"https:\/\/www.cdpc.hn\/wp-content\/uploads\/2024\/10\/ley_de_competencia_en_ingles.pdf\" target=\"_blank\" rel=\"noreferrer noopener\">Ley para la Defensa y Promoci\u00f3n de la Competencia(Ingles -Traducci\u00f3n Libre)<\/a><\/h5><\/div>\n<\/div><\/section>\n\n\n\n<section class=\"wp-block-uagb-section uagb-section__wrap uagb-section__background-none uagb-block-a993c7d5\"><div class=\"uagb-section__overlay\"><\/div><div class=\"uagb-section__inner-wrap\">\n<div class=\"wp-block-uagb-image aligncenter uagb-block-d0b2e86b wp-block-uagb-image--layout-default wp-block-uagb-image--effect-static wp-block-uagb-image--align-center\"><figure class=\"wp-block-uagb-image__figure\"><a class=\"\" href=\"https:\/\/www.cdpc.hn\/wp-content\/uploads\/2024\/10\/ley_de_competencia_en_ingles.pdf\" target=\"_blank\" rel=\"noreferrer noopener\"><img decoding=\"async\" srcset=\"https:\/\/www.cdpc.hn\/wp-content\/uploads\/2024\/07\/LEY-IN-836x1024.png \" sizes=\"auto, (max-width: 480px) 150px\" src=\"https:\/\/www.cdpc.hn\/wp-content\/uploads\/2024\/07\/LEY-IN-836x1024.png\" alt=\"\" class=\"uag-image-1288\" width=\"150\" height=\"200\" title=\"\" loading=\"lazy\" role=\"img\"\/><\/a><\/figure><\/div>\n<\/div><\/section>\n<\/div>\n<\/div><\/section>\n\n\n\n<div class=\"wp-block-uagb-advanced-heading uagb-block-74842ab8\"><h2 class=\"uagb-heading-text\"><strong>Publicaciones Diario Oficial La Gaceta&nbsp;<\/strong><\/h2><\/div>\n\n\n\n<div style=\"height:19px\" aria-hidden=\"true\" class=\"wp-block-spacer\"><\/div>\n\n\n\n<div class=\"wp-block-uagb-image aligncenter uagb-block-8dec150c wp-block-uagb-image--layout-default wp-block-uagb-image--effect-static wp-block-uagb-image--align-center\"><figure class=\"wp-block-uagb-image__figure\"><img decoding=\"async\" srcset=\"https:\/\/www.cdpc.hn\/wp-content\/uploads\/2024\/06\/ley.png \" sizes=\"auto, (max-width: 480px) 150px\" src=\"https:\/\/www.cdpc.hn\/wp-content\/uploads\/2024\/06\/ley.png\" alt=\"\" class=\"uag-image-819\" width=\"156\" height=\"156\" title=\"\" loading=\"lazy\" role=\"img\"\/><\/figure><\/div>\n\n\n\n<p><\/p>\n\n\n\n<div class=\"wp-block-uagb-icon-list uagb-block-137a3c77 uag-hide-mob\"><div class=\"uagb-icon-list__wrap\">\n<div class=\"wp-block-uagb-icon-list-child uagb-block-df996b9c\"><a target=\"_blank\" aria-label=\"Decreto No. 357-2005 Ley de Competencia\" rel=\"noopener noreferrer\" href=\"https:\/\/www.cdpc.hn\/wp-content\/uploads\/2024\/10\/Ley_Competencia_HN_2006.pdf\"> <\/a><span class=\"uagb-icon-list__source-wrap\"><img decoding=\"async\" class=\"uagb-icon-list__source-image\" src=\"https:\/\/www.cdpc.hn\/wp-content\/uploads\/2024\/07\/descar-1.png\" width=\"20\" height=\"20\" loading=\"lazy\" alt=\"\"\/><\/span><span class=\"uagb-icon-list__label\">Decreto No. 357-2005 Ley de Competencia<\/span><\/div>\n\n\n\n<div class=\"wp-block-uagb-icon-list-child uagb-block-beaccf7f\"><a target=\"_blank\" aria-label=\"Acuerdo No. 001-2007 Reglamento Ley de Competencia\" rel=\"noopener noreferrer\" href=\"https:\/\/www.cdpc.hn\/wp-content\/uploads\/2024\/10\/Reglamento_Ley_CDPC-2007.pdf\"> <\/a><span class=\"uagb-icon-list__source-wrap\"><img decoding=\"async\" class=\"uagb-icon-list__source-image\" src=\"https:\/\/www.cdpc.hn\/wp-content\/uploads\/2024\/07\/descar-1.png\" width=\"20\" height=\"20\" loading=\"lazy\" alt=\"\"\/><\/span><span class=\"uagb-icon-list__label\">Acuerdo No. 001-2007 Reglamento Ley de Competencia<\/span><\/div>\n\n\n\n<div class=\"wp-block-uagb-icon-list-child uagb-block-f155d2d7\"><a target=\"_blank\" aria-label=\"Decreto 4-2015 Reformas a la Ley de Competencia\" rel=\"noopener noreferrer\" href=\"https:\/\/www.cdpc.hn\/wp-content\/uploads\/2024\/10\/Gaceta_Reformas_LeyCDPC_23_05_15.pdf\"> <\/a><span class=\"uagb-icon-list__source-wrap\"><img decoding=\"async\" class=\"uagb-icon-list__source-image\" src=\"https:\/\/www.cdpc.hn\/wp-content\/uploads\/2024\/07\/descar-1.png\" width=\"20\" height=\"20\" loading=\"lazy\" alt=\"\"\/><\/span><span class=\"uagb-icon-list__label\">Decreto 4-2015 Reformas a la Ley de Competencia<\/span><\/div>\n\n\n\n<div class=\"wp-block-uagb-icon-list-child uagb-block-f0027554\"><a target=\"_blank\" aria-label=\"Reglamento del Programa o Procedimiento de Clemencia\u00a0\" rel=\"noopener noreferrer\" href=\"https:\/\/www.cdpc.hn\/wp-content\/uploads\/2024\/10\/Gaceta_reglamento_Programa_Clemencia_CDPC.pdf\"> <\/a><span class=\"uagb-icon-list__source-wrap\"><img decoding=\"async\" class=\"uagb-icon-list__source-image\" src=\"https:\/\/www.cdpc.hn\/wp-content\/uploads\/2024\/07\/descar-1.png\" width=\"20\" height=\"20\" loading=\"lazy\" alt=\"\"\/><\/span><span class=\"uagb-icon-list__label\">Reglamento del Programa o Procedimiento de Clemencia\u00a0<\/span><\/div>\n<\/div><\/div>\n\n\n\n<div style=\"height:40px\" aria-hidden=\"true\" class=\"wp-block-spacer\"><\/div>\n\n\n\n<p><\/p>\n","protected":false},"excerpt":{"rendered":"<p>Marco Jur\u00eddico La Comisi\u00f3n para la Defensa y Promoci\u00f3n de la Competencia (CDPC), con sede en Tegucigalpa, Honduras, fue creada [&hellip;]<\/p>\n","protected":false},"author":2,"featured_media":0,"parent":0,"menu_order":0,"comment_status":"closed","ping_status":"closed","template":"","meta":{"_uag_custom_page_level_css":"","site-sidebar-layout":"default","site-content-layout":"","ast-site-content-layout":"default","site-content-style":"default","site-sidebar-style":"default","ast-global-header-display":"","ast-banner-title-visibility":"","ast-main-header-display":"","ast-hfb-above-header-display":"","ast-hfb-below-header-display":"","ast-hfb-mobile-header-display":"","site-post-title":"disabled","ast-breadcrumbs-content":"","ast-featured-img":"","footer-sml-layout":"","ast-disable-related-posts":"","theme-transparent-header-meta":"","adv-header-id-meta":"","stick-header-meta":"","header-above-stick-meta":"","header-main-stick-meta":"","header-below-stick-meta":"","astra-migrate-meta-layouts":"default","ast-page-background-enabled":"default","ast-page-background-meta":{"desktop":{"background-color":"var(--ast-global-color-4)","background-image":"","background-repeat":"repeat","background-position":"center center","background-size":"auto","background-attachment":"scroll","background-type":"","background-media":"","overlay-type":"","overlay-color":"","overlay-opacity":"","overlay-gradient":""},"tablet":{"background-color":"","background-image":"","background-repeat":"repeat","background-position":"center center","background-size":"auto","background-attachment":"scroll","background-type":"","background-media":"","overlay-type":"","overlay-color":"","overlay-opacity":"","overlay-gradient":""},"mobile":{"background-color":"","background-image":"","background-repeat":"repeat","background-position":"center center","background-size":"auto","background-attachment":"scroll","background-type":"","background-media":"","overlay-type":"","overlay-color":"","overlay-opacity":"","overlay-gradient":""}},"ast-content-background-meta":{"desktop":{"background-color":"var(--ast-global-color-5)","background-image":"","background-repeat":"repeat","background-position":"center center","background-size":"auto","background-attachment":"scroll","background-type":"","background-media":"","overlay-type":"","overlay-color":"","overlay-opacity":"","overlay-gradient":""},"tablet":{"background-color":"var(--ast-global-color-5)","background-image":"","background-repeat":"repeat","background-position":"center center","background-size":"auto","background-attachment":"scroll","background-type":"","background-media":"","overlay-type":"","overlay-color":"","overlay-opacity":"","overlay-gradient":""},"mobile":{"background-color":"var(--ast-global-color-5)","background-image":"","background-repeat":"repeat","background-position":"center center","background-size":"auto","background-attachment":"scroll","background-type":"","background-media":"","overlay-type":"","overlay-color":"","overlay-opacity":"","overlay-gradient":""}},"footnotes":""},"class_list":["post-1270","page","type-page","status-publish","hentry"],"uagb_featured_image_src":{"full":false,"thumbnail":false,"medium":false,"medium_large":false,"large":false,"1536x1536":false,"2048x2048":false},"uagb_author_info":{"display_name":"Junnior Sanchez","author_link":"https:\/\/www.cdpc.hn\/?author=2"},"uagb_comment_info":0,"uagb_excerpt":"Marco Jur\u00eddico La Comisi\u00f3n para la Defensa y Promoci\u00f3n de la Competencia (CDPC), con sede en Tegucigalpa, Honduras, fue creada [&hellip;]","_links":{"self":[{"href":"https:\/\/www.cdpc.hn\/index.php?rest_route=\/wp\/v2\/pages\/1270","targetHints":{"allow":["GET"]}}],"collection":[{"href":"https:\/\/www.cdpc.hn\/index.php?rest_route=\/wp\/v2\/pages"}],"about":[{"href":"https:\/\/www.cdpc.hn\/index.php?rest_route=\/wp\/v2\/types\/page"}],"author":[{"embeddable":true,"href":"https:\/\/www.cdpc.hn\/index.php?rest_route=\/wp\/v2\/users\/2"}],"replies":[{"embeddable":true,"href":"https:\/\/www.cdpc.hn\/index.php?rest_route=%2Fwp%2Fv2%2Fcomments&post=1270"}],"version-history":[{"count":19,"href":"https:\/\/www.cdpc.hn\/index.php?rest_route=\/wp\/v2\/pages\/1270\/revisions"}],"predecessor-version":[{"id":2429,"href":"https:\/\/www.cdpc.hn\/index.php?rest_route=\/wp\/v2\/pages\/1270\/revisions\/2429"}],"wp:attachment":[{"href":"https:\/\/www.cdpc.hn\/index.php?rest_route=%2Fwp%2Fv2%2Fmedia&parent=1270"}],"curies":[{"name":"wp","href":"https:\/\/api.w.org\/{rel}","templated":true}]}}