{"id":1432,"date":"2024-07-23T10:21:46","date_gmt":"2024-07-23T16:21:46","guid":{"rendered":"https:\/\/www.cdpc.hn\/?page_id=1432"},"modified":"2024-11-05T15:39:21","modified_gmt":"2024-11-05T21:39:21","slug":"publicaciones","status":"publish","type":"page","link":"https:\/\/www.cdpc.hn\/?page_id=1432","title":{"rendered":"Publicaciones"},"content":{"rendered":"\n<div class=\"wp-block-uagb-separator uagb-block-a1c037cc\"><div class=\"wp-block-uagb-separator__inner\" style=\"--my-background-image:\"><\/div><\/div>\n\n\n\n<h1 class=\"wp-block-heading has-text-align-center\" style=\"margin-top:0px;margin-right:0;margin-bottom:0px;margin-left:0\">Examen inter-pares<\/h1>\n\n\n\n<section class=\"wp-block-uagb-columns uagb-columns__wrap uagb-columns__background-none uagb-columns__stack-mobile uagb-columns__valign- uagb-columns__gap-10 align uagb-block-9e34141d uagb-columns__columns-2 uagb-columns__max_width-theme\"><div class=\"uagb-columns__overlay\"><\/div><div class=\"uagb-columns__inner-wrap uagb-columns__columns-2\">\n<div class=\"wp-block-uagb-column uagb-column__wrap uagb-column__background-undefined uagb-block-e78a71b1\"><div class=\"uagb-column__overlay\"><\/div>\n<div class=\"wp-block-uagb-image aligncenter uagb-block-bb23222b wp-block-uagb-image--layout-default wp-block-uagb-image--effect-zoomin wp-block-uagb-image--align-center\"><figure class=\"wp-block-uagb-image__figure\"><a class=\"\" href=\"https:\/\/www.cdpc.hn\/wp-content\/uploads\/2024\/11\/Derecho-y-Politica-de-la-Competencia-en-Honduras.pdf\" target=\"_blank\" rel=\"noreferrer noopener\"><img decoding=\"async\" srcset=\"https:\/\/www.cdpc.hn\/wp-content\/uploads\/2024\/11\/exam2-edited.png \" sizes=\"auto, (max-width: 480px) 150px\" src=\"https:\/\/www.cdpc.hn\/wp-content\/uploads\/2024\/11\/exam2-edited.png\" alt=\"\" class=\"uag-image-1929\" width=\"300\" height=\"350\" title=\"\" loading=\"lazy\"\/><\/a><\/figure><\/div>\n<\/div>\n\n\n\n<div class=\"wp-block-uagb-column uagb-column__wrap uagb-column__background-undefined uagb-block-7295e9ce\"><div class=\"uagb-column__overlay\"><\/div>\n<div class=\"wp-block-uagb-image aligncenter uagb-block-04d041f3 wp-block-uagb-image--layout-default wp-block-uagb-image--effect-zoomin wp-block-uagb-image--align-center\"><figure class=\"wp-block-uagb-image__figure\"><a class=\"\" href=\"https:\/\/www.cdpc.hn\/wp-content\/uploads\/2024\/11\/Competition-Law-Adn-Policy-in-Honduras.pdf\" target=\"_blank\" rel=\"noreferrer noopener\"><img decoding=\"async\" srcset=\"https:\/\/www.cdpc.hn\/wp-content\/uploads\/2024\/11\/exa-edited-1.png \" sizes=\"auto, (max-width: 480px) 150px\" src=\"https:\/\/www.cdpc.hn\/wp-content\/uploads\/2024\/11\/exa-edited-1.png\" alt=\"\" class=\"uag-image-1927\" width=\"300\" height=\"350\" title=\"\" loading=\"lazy\"\/><\/a><\/figure><\/div>\n<\/div>\n<\/div><\/section>\n\n\n\n<h2 class=\"wp-block-heading has-text-align-center\" style=\"margin-top:0px;margin-right:0;margin-bottom:0px;margin-left:0\">Gu\u00eda de Orientaci\u00f3n Pr\u00e1ctica para Asociaciones Gremiales y las cEmpresas en Honduras<\/h2>\n\n\n\n<section class=\"wp-block-uagb-columns uagb-columns__wrap uagb-columns__background-none uagb-columns__stack-mobile uagb-columns__valign- uagb-columns__gap-10 align uagb-block-4bfba43a uagb-columns__columns-2 uagb-columns__max_width-theme\"><div class=\"uagb-columns__overlay\"><\/div><div class=\"uagb-columns__inner-wrap uagb-columns__columns-2\">\n<div class=\"wp-block-uagb-column uagb-column__wrap uagb-column__background-undefined uagb-block-2261b5a9\"><div class=\"uagb-column__overlay\"><\/div>\n<div class=\"wp-block-uagb-image aligncenter uagb-block-7b632646 wp-block-uagb-image--layout-default wp-block-uagb-image--effect-zoomin wp-block-uagb-image--align-center\"><figure class=\"wp-block-uagb-image__figure\"><a class=\"\" href=\"https:\/\/www.cdpc.hn\/wp-content\/uploads\/2024\/11\/GUIA_ASOCIACIONE.pdf\" target=\"_blank\" rel=\"noreferrer noopener\"><img decoding=\"async\" srcset=\"https:\/\/www.cdpc.hn\/wp-content\/uploads\/2024\/07\/l.png \" sizes=\"auto, (max-width: 480px) 150px\" src=\"https:\/\/www.cdpc.hn\/wp-content\/uploads\/2024\/07\/l.png\" alt=\"\" class=\"uag-image-1435\" width=\"300\" height=\"350\" title=\"\" loading=\"lazy\"\/><\/a><\/figure><\/div>\n<\/div>\n\n\n\n<div class=\"wp-block-uagb-column uagb-column__wrap uagb-column__background-undefined uagb-block-7d8cef73\"><div class=\"uagb-column__overlay\"><\/div>\n<div class=\"wp-block-uagb-image aligncenter uagb-block-c741ea79 wp-block-uagb-image--layout-default wp-block-uagb-image--effect-zoomin wp-block-uagb-image--align-center\"><figure class=\"wp-block-uagb-image__figure\"><a class=\"\" href=\"https:\/\/www.cdpc.hn\/wp-content\/uploads\/2024\/11\/TODOS_SOMOS_CONSUMIDORES_WEB.pdf\" target=\"_blank\" rel=\"noreferrer noopener\"><img decoding=\"async\" srcset=\"https:\/\/www.cdpc.hn\/wp-content\/uploads\/2024\/07\/lg.png \" sizes=\"auto, (max-width: 480px) 150px\" src=\"https:\/\/www.cdpc.hn\/wp-content\/uploads\/2024\/07\/lg.png\" alt=\"\" class=\"uag-image-1436\" width=\"300\" height=\"350\" title=\"\" loading=\"lazy\"\/><\/a><\/figure><\/div>\n<\/div>\n<\/div><\/section>\n\n\n\n<h2 class=\"wp-block-heading has-text-align-center\" style=\"margin-top:0px;margin-right:0;margin-bottom:0px;margin-left:0\">Foro Competitividad, Competencia y Crecimiento Econ\u00f3mico<\/h2>\n\n\n\n<section class=\"wp-block-uagb-columns uagb-columns__wrap uagb-columns__background-none uagb-columns__stack-mobile uagb-columns__valign- uagb-columns__gap-10 align uagb-block-731c1af3 uagb-columns__columns-4 uagb-columns__max_width-theme\"><div class=\"uagb-columns__overlay\"><\/div><div class=\"uagb-columns__inner-wrap uagb-columns__columns-4\">\n<div class=\"wp-block-uagb-column uagb-column__wrap uagb-column__background-undefined uagb-block-3a108d3b\"><div class=\"uagb-column__overlay\"><\/div>\n<div class=\"wp-block-uagb-image aligncenter uagb-block-75811361 wp-block-uagb-image--layout-default wp-block-uagb-image--effect-static wp-block-uagb-image--align-center\"><figure class=\"wp-block-uagb-image__figure\"><a class=\"\" href=\"https:\/\/www.cdpc.hn\/wp-content\/uploads\/2024\/11\/Competitividad-y-Crecimiento.pdf\" target=\"_blank\" rel=\"noreferrer noopener\"><img decoding=\"async\" srcset=\"https:\/\/www.cdpc.hn\/wp-content\/uploads\/2024\/07\/descar-1.png \" sizes=\"auto, (max-width: 480px) 150px\" src=\"https:\/\/www.cdpc.hn\/wp-content\/uploads\/2024\/07\/descar-1.png\" alt=\"\" class=\"uag-image-1059\" width=\"50\" height=\"50\" title=\"\" loading=\"lazy\"\/><\/a><\/figure><\/div>\n<\/div>\n\n\n\n<div class=\"wp-block-uagb-column uagb-column__wrap uagb-column__background-undefined uagb-block-7b009a34\"><div class=\"uagb-column__overlay\"><\/div>\n<div class=\"wp-block-uagb-advanced-heading uagb-block-9b0fe50e\"><h4 class=\"uagb-heading-text\"><a href=\"https:\/\/www.cdpc.hn\/wp-content\/uploads\/2024\/11\/Competitividad-y-Crecimiento.pdf\" target=\"_blank\" rel=\"noreferrer noopener\">Competitividad y Crecimiento<\/a><\/h4><\/div>\n<\/div>\n\n\n\n<div class=\"wp-block-uagb-column uagb-column__wrap uagb-column__background-undefined uagb-block-2a526c5b\"><div class=\"uagb-column__overlay\"><\/div>\n<div class=\"wp-block-uagb-image aligncenter uagb-block-d9b2da63 wp-block-uagb-image--layout-default wp-block-uagb-image--effect-static wp-block-uagb-image--align-center\"><figure class=\"wp-block-uagb-image__figure\"><a class=\"\" href=\"https:\/\/www.cdpc.hn\/wp-content\/uploads\/2024\/11\/Competencia-y-Competitividad.pdf\" target=\"_blank\" rel=\"noreferrer noopener\"><img decoding=\"async\" srcset=\"https:\/\/www.cdpc.hn\/wp-content\/uploads\/2024\/07\/descar-1.png \" sizes=\"auto, (max-width: 480px) 150px\" src=\"https:\/\/www.cdpc.hn\/wp-content\/uploads\/2024\/07\/descar-1.png\" alt=\"\" class=\"uag-image-1059\" width=\"50\" height=\"50\" title=\"\" loading=\"lazy\"\/><\/a><\/figure><\/div>\n<\/div>\n\n\n\n<div class=\"wp-block-uagb-column uagb-column__wrap uagb-column__background-undefined uagb-block-5f9b90cd\"><div class=\"uagb-column__overlay\"><\/div>\n<div class=\"wp-block-uagb-advanced-heading uagb-block-5d9c2df2\"><h4 class=\"uagb-heading-text\"><a href=\"https:\/\/www.cdpc.hn\/wp-content\/uploads\/2024\/11\/Competencia-y-Competitividad.pdf\" data-type=\"link\" data-id=\"https:\/\/www.cdpc.hn\/wp-content\/uploads\/2024\/11\/Competencia-y-Competitividad.pdf\" target=\"_blank\" rel=\"noreferrer noopener\">Competencia y Competitividad<\/a><\/h4><\/div>\n<\/div>\n<\/div><\/section>\n\n\n\n<div style=\"height:45px\" aria-hidden=\"true\" class=\"wp-block-spacer\"><\/div>\n\n\n\n<p><\/p>\n","protected":false},"excerpt":{"rendered":"<p>Examen inter-pares Gu\u00eda de Orientaci\u00f3n Pr\u00e1ctica para Asociaciones Gremiales y las cEmpresas en Honduras Foro Competitividad, Competencia y Crecimiento Econ\u00f3mico [&hellip;]<\/p>\n","protected":false},"author":2,"featured_media":0,"parent":0,"menu_order":0,"comment_status":"closed","ping_status":"closed","template":"","meta":{"_uag_custom_page_level_css":"","site-sidebar-layout":"default","site-content-layout":"","ast-site-content-layout":"default","site-content-style":"default","site-sidebar-style":"default","ast-global-header-display":"","ast-banner-title-visibility":"","ast-main-header-display":"","ast-hfb-above-header-display":"","ast-hfb-below-header-display":"","ast-hfb-mobile-header-display":"","site-post-title":"disabled","ast-breadcrumbs-content":"","ast-featured-img":"","footer-sml-layout":"","ast-disable-related-posts":"","theme-transparent-header-meta":"","adv-header-id-meta":"","stick-header-meta":"","header-above-stick-meta":"","header-main-stick-meta":"","header-below-stick-meta":"","astra-migrate-meta-layouts":"default","ast-page-background-enabled":"default","ast-page-background-meta":{"desktop":{"background-color":"var(--ast-global-color-4)","background-image":"","background-repeat":"repeat","background-position":"center center","background-size":"auto","background-attachment":"scroll","background-type":"","background-media":"","overlay-type":"","overlay-color":"","overlay-opacity":"","overlay-gradient":""},"tablet":{"background-color":"","background-image":"","background-repeat":"repeat","background-position":"center center","background-size":"auto","background-attachment":"scroll","background-type":"","background-media":"","overlay-type":"","overlay-color":"","overlay-opacity":"","overlay-gradient":""},"mobile":{"background-color":"","background-image":"","background-repeat":"repeat","background-position":"center center","background-size":"auto","background-attachment":"scroll","background-type":"","background-media":"","overlay-type":"","overlay-color":"","overlay-opacity":"","overlay-gradient":""}},"ast-content-background-meta":{"desktop":{"background-color":"var(--ast-global-color-5)","background-image":"","background-repeat":"repeat","background-position":"center center","background-size":"auto","background-attachment":"scroll","background-type":"","background-media":"","overlay-type":"","overlay-color":"","overlay-opacity":"","overlay-gradient":""},"tablet":{"background-color":"var(--ast-global-color-5)","background-image":"","background-repeat":"repeat","background-position":"center center","background-size":"auto","background-attachment":"scroll","background-type":"","background-media":"","overlay-type":"","overlay-color":"","overlay-opacity":"","overlay-gradient":""},"mobile":{"background-color":"var(--ast-global-color-5)","background-image":"","background-repeat":"repeat","background-position":"center center","background-size":"auto","background-attachment":"scroll","background-type":"","background-media":"","overlay-type":"","overlay-color":"","overlay-opacity":"","overlay-gradient":""}},"footnotes":""},"class_list":["post-1432","page","type-page","status-publish","hentry"],"uagb_featured_image_src":{"full":false,"thumbnail":false,"medium":false,"medium_large":false,"large":false,"1536x1536":false,"2048x2048":false},"uagb_author_info":{"display_name":"Junnior Sanchez","author_link":"https:\/\/www.cdpc.hn\/?author=2"},"uagb_comment_info":0,"uagb_excerpt":"Examen inter-pares Gu\u00eda de Orientaci\u00f3n Pr\u00e1ctica para Asociaciones Gremiales y las cEmpresas en Honduras Foro Competitividad, Competencia y Crecimiento Econ\u00f3mico [&hellip;]","_links":{"self":[{"href":"https:\/\/www.cdpc.hn\/index.php?rest_route=\/wp\/v2\/pages\/1432","targetHints":{"allow":["GET"]}}],"collection":[{"href":"https:\/\/www.cdpc.hn\/index.php?rest_route=\/wp\/v2\/pages"}],"about":[{"href":"https:\/\/www.cdpc.hn\/index.php?rest_route=\/wp\/v2\/types\/page"}],"author":[{"embeddable":true,"href":"https:\/\/www.cdpc.hn\/index.php?rest_route=\/wp\/v2\/users\/2"}],"replies":[{"embeddable":true,"href":"https:\/\/www.cdpc.hn\/index.php?rest_route=%2Fwp%2Fv2%2Fcomments&post=1432"}],"version-history":[{"count":14,"href":"https:\/\/www.cdpc.hn\/index.php?rest_route=\/wp\/v2\/pages\/1432\/revisions"}],"predecessor-version":[{"id":1937,"href":"https:\/\/www.cdpc.hn\/index.php?rest_route=\/wp\/v2\/pages\/1432\/revisions\/1937"}],"wp:attachment":[{"href":"https:\/\/www.cdpc.hn\/index.php?rest_route=%2Fwp%2Fv2%2Fmedia&parent=1432"}],"curies":[{"name":"wp","href":"https:\/\/api.w.org\/{rel}","templated":true}]}}