{"id":2339,"date":"2025-09-16T12:01:04","date_gmt":"2025-09-16T18:01:04","guid":{"rendered":"https:\/\/www.cdpc.hn\/?page_id=2339"},"modified":"2025-09-24T13:17:43","modified_gmt":"2025-09-24T19:17:43","slug":"premio-nacional-de-competencia","status":"publish","type":"page","link":"https:\/\/www.cdpc.hn\/?page_id=2339","title":{"rendered":"Premio Nacional de Competencia"},"content":{"rendered":"\n<div class=\"wp-block-uagb-separator uagb-block-762eb497\"><div class=\"uagb-separator-spacing-wrapper\"><div class=\"wp-block-uagb-separator__inner\" style=\"--my-background-image:\"><\/div><\/div><\/div>\n\n\n\n<h2 class=\"wp-block-heading has-text-align-left\" style=\"margin-top:0px;margin-right:0;margin-bottom:0px;margin-left:0\">PREMIO NACIONAL DE COMPETENCIA<\/h2>\n\n\n\n<div class=\"wp-block-uagb-image aligncenter uagb-block-7e820a7c wp-block-uagb-image--layout-default wp-block-uagb-image--effect-static wp-block-uagb-image--align-center\"><figure class=\"wp-block-uagb-image__figure\"><img decoding=\"async\" srcset=\"https:\/\/www.cdpc.hn\/wp-content\/uploads\/2025\/09\/II-concurso-interunive-3-edited.png ,https:\/\/www.cdpc.hn\/wp-content\/uploads\/2025\/09\/II-concurso-interunive-3.png 780w, https:\/\/www.cdpc.hn\/wp-content\/uploads\/2025\/09\/II-concurso-interunive-3.png 360w\" sizes=\"auto, (max-width: 480px) 150px\" src=\"https:\/\/www.cdpc.hn\/wp-content\/uploads\/2025\/09\/II-concurso-interunive-3-edited.png\" alt=\"\" class=\"uag-image-2356\" width=\"468\" height=\"367\" title=\"II-concurso-interunive-3\" loading=\"lazy\" role=\"img\"\/><\/figure><\/div>\n\n\n\n<section class=\"wp-block-uagb-columns uagb-columns__wrap uagb-columns__background-none uagb-columns__stack-mobile uagb-columns__valign- uagb-columns__gap-10 align uagb-block-74fbf206 uagb-columns__columns-2 uagb-columns__max_width-theme\"><div class=\"uagb-columns__overlay\"><\/div><div class=\"uagb-columns__inner-wrap uagb-columns__columns-2\">\n<div class=\"wp-block-uagb-column uagb-column__wrap uagb-column__background-undefined uagb-block-5bd1572d\"><div class=\"uagb-column__overlay\"><\/div>\n<section class=\"wp-block-uagb-columns uagb-columns__wrap uagb-columns__background-none uagb-columns__stack-mobile uagb-columns__valign- uagb-columns__gap-10 align uagb-block-f69f2ed7 uagb-columns__columns-2 uagb-columns__max_width-theme\"><div class=\"uagb-columns__overlay\"><\/div><div class=\"uagb-columns__inner-wrap uagb-columns__columns-2\">\n<div class=\"wp-block-uagb-column uagb-column__wrap uagb-column__background-undefined uagb-block-ea4a7dd8\"><div class=\"uagb-column__overlay\"><\/div>\n<figure class=\"wp-block-image size-full is-resized has-custom-border\"><img decoding=\"async\" src=\"https:\/\/www.cdpc.hn\/wp-content\/uploads\/2024\/07\/descar-1.png\" alt=\"\" style=\"border-style:none;border-width:0px;object-fit:cover;width:50px;height:50px\"\/><\/figure>\n<\/div>\n\n\n\n<div class=\"wp-block-uagb-column uagb-column__wrap uagb-column__background-undefined uagb-block-adf5ab14\"><div class=\"uagb-column__overlay\"><\/div>\n<p class=\"has-ast-global-color-2-color has-text-color has-link-color has-medium-font-size wp-elements-de520b7814547632252c1e3c94c7eefd\"><strong><a href=\"http:\/\/www.cdpc.hn\/wp-content\/uploads\/2025\/09\/Bases-y-Condiciones-del-Premio-Nacional-de-Competencia-Segundo-concurso-CDPC.2025-V.F.pdf\" data-type=\"link\" data-id=\"http:\/\/www.cdpc.hn\/wp-content\/uploads\/2025\/09\/Bases-y-Condiciones-del-Premio-Nacional-de-Competencia-Segundo-concurso-CDPC.2025-V.F.pdf\" target=\"_blank\" rel=\"noreferrer noopener\">Bases y Condiciones  Ensayo Acad\u00e9mico <\/a><\/strong><\/p>\n<\/div>\n<\/div><\/section>\n\n\n\n<section class=\"wp-block-uagb-columns uagb-columns__wrap uagb-columns__background-none uagb-columns__stack-mobile uagb-columns__valign- uagb-columns__gap-10 align uagb-block-ce874db7 uagb-columns__columns-2 uagb-columns__max_width-theme\"><div class=\"uagb-columns__overlay\"><\/div><div class=\"uagb-columns__inner-wrap uagb-columns__columns-2\">\n<div class=\"wp-block-uagb-column uagb-column__wrap uagb-column__background-undefined uagb-block-7d965fa6\"><div class=\"uagb-column__overlay\"><\/div>\n<figure class=\"wp-block-image size-thumbnail is-resized\"><img decoding=\"async\" src=\"https:\/\/www.cdpc.hn\/wp-content\/uploads\/2024\/07\/descar-1-150x150.png\" alt=\"\" style=\"object-fit:cover;width:50px;height:50px\"\/><\/figure>\n<\/div>\n\n\n\n<div class=\"wp-block-uagb-column uagb-column__wrap uagb-column__background-undefined uagb-block-65efa023\"><div class=\"uagb-column__overlay\"><\/div>\n<p class=\"has-ast-global-color-2-color has-text-color has-link-color has-medium-font-size wp-elements-0c1efbbd9be5fff64420217e096d4a2a\"><strong><a href=\"http:\/\/www.cdpc.hn\/wp-content\/uploads\/2025\/09\/Bases-y-Condiciones-concurso-de-material-audiovisual-2025-V13-08-2025.pdf\" data-type=\"link\" data-id=\"http:\/\/www.cdpc.hn\/wp-content\/uploads\/2025\/09\/Bases-y-Condiciones-concurso-de-material-audiovisual-2025-V13-08-2025.pdf\" target=\"_blank\" rel=\"noreferrer noopener\">Bases y Condiciones    Video Corto<\/a><\/strong><\/p>\n<\/div>\n<\/div><\/section>\n\n\n\n<section class=\"wp-block-uagb-columns uagb-columns__wrap uagb-columns__background-none uagb-columns__stack-mobile uagb-columns__valign- uagb-columns__gap-10 align uagb-block-e4b368bb uagb-columns__columns-2 uagb-columns__max_width-theme\"><div class=\"uagb-columns__overlay\"><\/div><div class=\"uagb-columns__inner-wrap uagb-columns__columns-2\">\n<div class=\"wp-block-uagb-column uagb-column__wrap uagb-column__background-undefined uagb-block-635c7adf\"><div class=\"uagb-column__overlay\"><\/div>\n<figure class=\"wp-block-image size-full is-resized\"><img decoding=\"async\" src=\"https:\/\/www.cdpc.hn\/wp-content\/uploads\/2024\/07\/descar-1.png\" alt=\"\" style=\"object-fit:cover;width:50px;height:50px\"\/><\/figure>\n<\/div>\n\n\n\n<div class=\"wp-block-uagb-column uagb-column__wrap uagb-column__background-undefined uagb-block-67cef9eb\"><div class=\"uagb-column__overlay\"><\/div>\n<p class=\"has-ast-global-color-2-color has-text-color has-link-color has-medium-font-size wp-elements-13e0a5c34a707e0f2e91caa496836e92\"><strong><a href=\"http:\/\/www.cdpc.hn\/wp-content\/uploads\/2025\/09\/Temas-excluidos-para-el-concurso-de-competencia-2025.pdf\" target=\"_blank\" rel=\"noreferrer noopener\">Temas ya abordados<\/a><\/strong><\/p>\n<\/div>\n<\/div><\/section>\n\n\n\n<section class=\"wp-block-uagb-columns uagb-columns__wrap uagb-columns__background-none uagb-columns__stack-mobile uagb-columns__valign- uagb-columns__gap-10 align uagb-block-f5a8190f uagb-columns__columns-2 uagb-columns__max_width-theme\"><div class=\"uagb-columns__overlay\"><\/div><div class=\"uagb-columns__inner-wrap uagb-columns__columns-2\">\n<div class=\"wp-block-uagb-column uagb-column__wrap uagb-column__background-undefined uagb-block-16ae552c\"><div class=\"uagb-column__overlay\"><\/div>\n<figure class=\"wp-block-image size-full is-resized\"><img decoding=\"async\" src=\"https:\/\/www.cdpc.hn\/wp-content\/uploads\/2024\/07\/descar-1.png\" alt=\"\" style=\"object-fit:cover;width:50px;height:50px\"\/><\/figure>\n<\/div>\n\n\n\n<div class=\"wp-block-uagb-column uagb-column__wrap uagb-column__background-undefined uagb-block-15bdc1ea\"><div class=\"uagb-column__overlay\"><\/div>\n<p class=\"has-ast-global-color-2-color has-text-color has-link-color has-medium-font-size wp-elements-375bd57fe56a024df09bd840aea5b9ca\"><strong><a href=\"http:\/\/www.cdpc.hn\/wp-content\/uploads\/2025\/09\/Formulario-Premio-CDPC-Categoria-Ensayo.pdf\" data-type=\"link\" data-id=\"http:\/\/www.cdpc.hn\/wp-content\/uploads\/2025\/09\/Formulario-Premio-CDPC-Categoria-Ensayo.pdf\" target=\"_blank\" rel=\"noreferrer noopener\">Formulario-Premio CDPC Categor\u00eda Ensayo<\/a><\/strong><\/p>\n<\/div>\n<\/div><\/section>\n\n\n\n<section class=\"wp-block-uagb-columns uagb-columns__wrap uagb-columns__background-none uagb-columns__stack-mobile uagb-columns__valign- uagb-columns__gap-10 align uagb-block-9cf5f04b uagb-columns__columns-2 uagb-columns__max_width-theme\"><div class=\"uagb-columns__overlay\"><\/div><div class=\"uagb-columns__inner-wrap uagb-columns__columns-2\">\n<div class=\"wp-block-uagb-column uagb-column__wrap uagb-column__background-undefined uagb-block-8e07a744\"><div class=\"uagb-column__overlay\"><\/div>\n<figure class=\"wp-block-image size-full is-resized\"><img decoding=\"async\" src=\"https:\/\/www.cdpc.hn\/wp-content\/uploads\/2024\/07\/descar-1.png\" alt=\"\" style=\"object-fit:cover;width:50px;height:50px\"\/><\/figure>\n<\/div>\n\n\n\n<div class=\"wp-block-uagb-column uagb-column__wrap uagb-column__background-undefined uagb-block-4148d0e6\"><div class=\"uagb-column__overlay\"><\/div>\n<p class=\"has-ast-global-color-2-color has-text-color has-link-color has-medium-font-size wp-elements-95badce756dccb3910257649481f40e1\"><strong><a href=\"https:\/\/www.cdpc.hn\/wp-content\/uploads\/2025\/09\/Formulario-Premio-CDPC-Categoria-audiovisual.pdf\" data-type=\"attachment\" data-id=\"2419\" target=\"_blank\" rel=\"noreferrer noopener\">Formulario-Premio CDPC Categor\u00eda audiovisual<\/a><\/strong><\/p>\n<\/div>\n<\/div><\/section>\n<\/div>\n\n\n\n<div class=\"wp-block-uagb-column uagb-column__wrap uagb-column__background-undefined uagb-block-1f7b4012\"><div class=\"uagb-column__overlay\"><\/div>\n<p class=\"has-medium-font-size\"><strong>La Comisi\u00f3n para la Defensa y Promoci\u00f3n de la Competencia (en adelante CDPC o la Comisi\u00f3n), es una instituci\u00f3n aut\u00f3noma, con personalidad jur\u00eddica y patrimonio propio, con independencia funcional, administrativa, t\u00e9cnica y financiera (Decreto No.357-2005), inicia operaciones en diciembre de 2006 con el objetivo de promover, proteger y garantizar el ejercicio de la libre competencia a fin de procurar un funcionamiento eficiente del mercado y el bienestar de los consumidores.<\/strong><\/p>\n\n\n\n<p class=\"has-medium-font-size\"><strong>Conforme a la normativa, existen dos componentes de \u00e1reas de acci\u00f3n de pol\u00edtica p\u00fablica: 1. Defensa de la Competencia, la cual consiste en la aplicaci\u00f3n de la Ley de Competencia (enforcement) en la investigaci\u00f3n de pr\u00e1cticas anticompetitivas y el control previo de concentraciones econ\u00f3micas, y; 2. Promoci\u00f3n de la Competencia, que son actividades realizadas por la autoridad de competencia, relacionadas con la promoci\u00f3n de un entorno competitivo para las actividades econ\u00f3micas, a trav\u00e9s de mecanismos distintos a los de exigir el cumplimiento de la ley (enforcement), principalmente mediante sus relaciones con otras entidades gubernamentales y para aumentar la conciencia p\u00fablica sobre beneficios de la competencia.<\/strong><\/p>\n<\/div>\n<\/div><\/section>\n\n\n\n<p><\/p>\n","protected":false},"excerpt":{"rendered":"<p>PREMIO NACIONAL DE COMPETENCIA Bases y Condiciones Ensayo Acad\u00e9mico Bases y Condiciones Video Corto Temas ya abordados Formulario-Premio CDPC Categor\u00eda [&hellip;]<\/p>\n","protected":false},"author":2,"featured_media":0,"parent":0,"menu_order":0,"comment_status":"closed","ping_status":"closed","template":"","meta":{"_uag_custom_page_level_css":"","site-sidebar-layout":"default","site-content-layout":"","ast-site-content-layout":"default","site-content-style":"default","site-sidebar-style":"default","ast-global-header-display":"","ast-banner-title-visibility":"","ast-main-header-display":"","ast-hfb-above-header-display":"","ast-hfb-below-header-display":"","ast-hfb-mobile-header-display":"","site-post-title":"disabled","ast-breadcrumbs-content":"","ast-featured-img":"","footer-sml-layout":"","ast-disable-related-posts":"","theme-transparent-header-meta":"","adv-header-id-meta":"","stick-header-meta":"","header-above-stick-meta":"","header-main-stick-meta":"","header-below-stick-meta":"","astra-migrate-meta-layouts":"default","ast-page-background-enabled":"default","ast-page-background-meta":{"desktop":{"background-color":"var(--ast-global-color-4)","background-image":"","background-repeat":"repeat","background-position":"center center","background-size":"auto","background-attachment":"scroll","background-type":"","background-media":"","overlay-type":"","overlay-color":"","overlay-opacity":"","overlay-gradient":""},"tablet":{"background-color":"","background-image":"","background-repeat":"repeat","background-position":"center center","background-size":"auto","background-attachment":"scroll","background-type":"","background-media":"","overlay-type":"","overlay-color":"","overlay-opacity":"","overlay-gradient":""},"mobile":{"background-color":"","background-image":"","background-repeat":"repeat","background-position":"center center","background-size":"auto","background-attachment":"scroll","background-type":"","background-media":"","overlay-type":"","overlay-color":"","overlay-opacity":"","overlay-gradient":""}},"ast-content-background-meta":{"desktop":{"background-color":"var(--ast-global-color-5)","background-image":"","background-repeat":"repeat","background-position":"center center","background-size":"auto","background-attachment":"scroll","background-type":"","background-media":"","overlay-type":"","overlay-color":"","overlay-opacity":"","overlay-gradient":""},"tablet":{"background-color":"var(--ast-global-color-5)","background-image":"","background-repeat":"repeat","background-position":"center center","background-size":"auto","background-attachment":"scroll","background-type":"","background-media":"","overlay-type":"","overlay-color":"","overlay-opacity":"","overlay-gradient":""},"mobile":{"background-color":"var(--ast-global-color-5)","background-image":"","background-repeat":"repeat","background-position":"center center","background-size":"auto","background-attachment":"scroll","background-type":"","background-media":"","overlay-type":"","overlay-color":"","overlay-opacity":"","overlay-gradient":""}},"footnotes":""},"class_list":["post-2339","page","type-page","status-publish","hentry"],"uagb_featured_image_src":{"full":false,"thumbnail":false,"medium":false,"medium_large":false,"large":false,"1536x1536":false,"2048x2048":false},"uagb_author_info":{"display_name":"Junnior Sanchez","author_link":"https:\/\/www.cdpc.hn\/?author=2"},"uagb_comment_info":0,"uagb_excerpt":"PREMIO NACIONAL DE COMPETENCIA Bases y Condiciones Ensayo Acad\u00e9mico Bases y Condiciones Video Corto Temas ya abordados Formulario-Premio CDPC Categor\u00eda [&hellip;]","_links":{"self":[{"href":"https:\/\/www.cdpc.hn\/index.php?rest_route=\/wp\/v2\/pages\/2339","targetHints":{"allow":["GET"]}}],"collection":[{"href":"https:\/\/www.cdpc.hn\/index.php?rest_route=\/wp\/v2\/pages"}],"about":[{"href":"https:\/\/www.cdpc.hn\/index.php?rest_route=\/wp\/v2\/types\/page"}],"author":[{"embeddable":true,"href":"https:\/\/www.cdpc.hn\/index.php?rest_route=\/wp\/v2\/users\/2"}],"replies":[{"embeddable":true,"href":"https:\/\/www.cdpc.hn\/index.php?rest_route=%2Fwp%2Fv2%2Fcomments&post=2339"}],"version-history":[{"count":44,"href":"https:\/\/www.cdpc.hn\/index.php?rest_route=\/wp\/v2\/pages\/2339\/revisions"}],"predecessor-version":[{"id":2427,"href":"https:\/\/www.cdpc.hn\/index.php?rest_route=\/wp\/v2\/pages\/2339\/revisions\/2427"}],"wp:attachment":[{"href":"https:\/\/www.cdpc.hn\/index.php?rest_route=%2Fwp%2Fv2%2Fmedia&parent=2339"}],"curies":[{"name":"wp","href":"https:\/\/api.w.org\/{rel}","templated":true}]}}