{"id":413,"date":"2020-09-15T06:48:29","date_gmt":"2020-09-15T06:48:29","guid":{"rendered":"https:\/\/www.cdpc.hn\/?page_id=413"},"modified":"2024-07-23T14:47:10","modified_gmt":"2024-07-23T20:47:10","slug":"sobre_nosotros","status":"publish","type":"page","link":"https:\/\/www.cdpc.hn\/?page_id=413","title":{"rendered":"Sobre Nosotros"},"content":{"rendered":"\n<div class=\"wp-block-uagb-separator uagb-block-1e9cd862\"><div class=\"wp-block-uagb-separator__inner\" style=\"--my-background-image:\"><\/div><\/div>\n\n\n\n<section class=\"wp-block-uagb-columns uagb-columns__wrap uagb-columns__background-none uagb-columns__stack-mobile uagb-columns__valign- uagb-columns__gap-10 align uagb-block-c0a8fa21 uagb-columns__columns-2 uagb-columns__max_width-theme\"><div class=\"uagb-columns__overlay\"><\/div><div class=\"uagb-columns__inner-wrap uagb-columns__columns-2\">\n<div class=\"wp-block-uagb-column uagb-column__wrap uagb-column__background-undefined uagb-block-fec4c694\"><div class=\"uagb-column__overlay\"><\/div>\n<div class=\"wp-block-uagb-advanced-heading uagb-block-8739568d\"><h2 class=\"uagb-heading-text\">Historia<\/h2><div class=\"uagb-separator\"><\/div><\/div>\n\n\n\n<details class=\"wp-block-details has-ast-global-color-6-color has-text-color has-link-color wp-elements-2f05065cd5f0e205b90f050ab269bd20 is-layout-flow wp-container-core-details-is-layout-8a368f38 wp-block-details-is-layout-flow\" style=\"font-size:16px\"><summary>En el a\u00f1o 2004, Honduras fue evaluada por el Foro Econ\u00f3mico Mundial (WEF por sus siglas en ingl\u00e9s) como uno de los pa\u00edses menos avanzados en materia de legislaci\u00f3n y pol\u00edticas de competencia, ubic\u00e1ndolo en la posici\u00f3n 94 de 95 naciones del mundo. Ante dicho resultado, el Gobierno de la Rep\u00fablica de Honduras suscribi\u00f3 con el Banco Mundial el convenio de cr\u00e9dito \u00abFacilitaci\u00f3n de Comercio y Mejoramiento de la Productividad\u00bb, cuyos objetivos principales eran reducir el comportamiento anticompetitivo de las empresas y realizar las reformas necesarias para mejorar el clima de inversi\u00f3n en el pa\u00eds.El convenio de cooperaci\u00f3n fue administrado por FIDE y en ese contexto, la Comisi\u00f3n Nacional de Competitividad, estableci\u00f3 como prioridad apoyar las acciones necesarias para redactar un Anteproyecto de Ley de Competencia, cuya labor estuvo a cargo de consultores internaciones y expertos del Banco Mundial. El Anteproyecto de Ley fue sometido a un proceso de consulta entre diferentes actores de la sociedad civil y el Consejo Hondure\u00f1o de la Empresa Privada (COHEP), con el fin de alcanzar un primer consenso y entregar el documento al Presidente de la Rep\u00fablica, quien lo someter\u00eda a consideraci\u00f3n del Congreso Nacional. Una vez ingresado el Anteproyecto al Poder Legislativo, inici\u00f3 un nuevo proceso de validaci\u00f3n del documento con grupos de la sociedad civil, empresarios, obreros y consumidores, entre otros; finalmente, en diciembre de 2005 y mediante el Decreto No.357-2005 fue creada la Comisi\u00f3n para la Defensa y Promoci\u00f3n de la Competencia (CDPC), como una instituci\u00f3n Aut\u00f3noma, con personalidad jur\u00eddica y patrimonio propio, con independencia funcional, administrativa, t\u00e9cnica y financiera, cuya misi\u00f3n es promover, proteger y garantizar el ejercicio de la libre competencia con el fin de procurar un funcionamiento eficiente del mercado y el bienestar de los consumidores. Posterior a la creaci\u00f3n de la CDPC, el Congreso Nacional de la Rep\u00fablica seleccion\u00f3 y jurament\u00f3 conforme a lo establecido en la Ley para la Defensa y Promoci\u00f3n de la Competencia, a los tres Comisionados que conforman el pleno de la instituci\u00f3n y cuya principal labor fue poner en funcionamiento a la agencia. Actualmente, la CDPC est\u00e1 integrada por un equipo de profesionales con trayectorias en diferentes disciplinas y un alto compromiso social, quienes desde las direcciones: <\/summary>\n<p class=\"has-ast-global-color-6-color has-text-color has-link-color wp-elements-7ca8c863171041f5770977744892a15b\">T\u00e9cnica, Econ\u00f3mica y Legal, y coordinadas por el Pleno de la Instituci\u00f3n, impulsan acciones encaminadas a una correcta y eficiente aplicaci\u00f3n de la Ley. En ese sentido, la CDPC ha sido autora de su propia agenda y respondido a las necesidades del contexto nacional con el apoyo de alianzas estrat\u00e9gicas nacionales e internacionales, que han permitido sustanciales contribuciones sobre la Pol\u00edtica de Competencia, las cuales se han enfatizado en tres aspectos principales: investigaciones por violaci\u00f3n a la Ley para la Defensa y Promoci\u00f3n de la Competencia, control de concentraciones econ\u00f3micas, y la realizaci\u00f3n de estudios sectoriales. Tambi\u00e9n, se vuelve necesario destacar la labor que sobre promoci\u00f3n de la Ley ha impulsado la instituci\u00f3n en aras de generar escenarios de respeto a los principios que promueve la econom\u00eda social de mercado.<\/p>\n<\/details>\n<\/div>\n\n\n\n<div class=\"wp-block-uagb-column uagb-column__wrap uagb-column__background-undefined uagb-block-28b437f4\"><div class=\"uagb-column__overlay\"><\/div>\n<div class=\"wp-block-uagb-image alignleft uagb-block-fbf7a746 wp-block-uagb-image--layout-overlay wp-block-uagb-image--effect-blur wp-block-uagb-image--align-left\"><figure class=\"wp-block-uagb-image__figure\"><img decoding=\"async\" srcset=\"https:\/\/www.cdpc.hn\/wp-content\/uploads\/2024\/07\/Poster-61-\u00d7-91.4-cm-Frase-Minimalista-2-819x1024.png \" sizes=\"auto, (max-width: 480px) 150px\" src=\"https:\/\/www.cdpc.hn\/wp-content\/uploads\/2024\/07\/Poster-61-\u00d7-91.4-cm-Frase-Minimalista-2-819x1024.png\" alt=\"\" class=\"uag-image-934\" width=\"350\" height=\"800\" title=\"\" loading=\"lazy\"\/><div class=\"wp-block-uagb-image--layout-overlay__color-wrapper\"><\/div><div class=\"wp-block-uagb-image--layout-overlay__inner center-center\"><a class=\"wp-block-uagb-image--layout-overlay-link \" href=\"\" target=\"\" rel=\"noopener\"><\/a><h2 class=\"uagb-image-heading\">la competencia econ\u00f3mica es indispensable para<br>asegurar el desarrollo econ\u00f3mico nacional, la asignaci\u00f3n eficiente de los<br>recursos y el bienestar del consumidor<\/h2><\/div><\/figure><\/div>\n<\/div>\n<\/div><\/section>\n\n\n\n<section class=\"wp-block-uagb-columns uagb-columns__wrap uagb-columns__background-none uagb-columns__stack-mobile uagb-columns__valign- uagb-columns__gap-10 align uagb-block-cf7dc749 uagb-columns__columns-2 uagb-columns__max_width-theme\"><div class=\"uagb-columns__overlay\"><\/div><div class=\"uagb-columns__inner-wrap uagb-columns__columns-2\">\n<div class=\"wp-block-uagb-column uagb-column__wrap uagb-column__background-undefined uagb-block-41650793\"><div class=\"uagb-column__overlay\"><\/div>\n<div class=\"wp-block-uagb-advanced-heading uagb-block-6f4e8da1\"><h2 class=\"uagb-heading-text\">Misi\u00f3n<\/h2><div class=\"uagb-separator\"><\/div><\/div>\n\n\n\n<p class=\"has-black-color has-text-color has-link-color wp-elements-20b07e055c1beba14849afc6a4926b7a\">Somos la instituci\u00f3n rectora de la pol\u00edtica de competencia que promueve y protege su ejercicio, ejecutando acciones orientadas a procurar el funcionamiento eficiente del mercado y el bienestar del consumidor, contribuyendo al alcance del desarrollo econ\u00f3mico del pa\u00eds.<\/p>\n<\/div>\n\n\n\n<div class=\"wp-block-uagb-column uagb-column__wrap uagb-column__background-undefined uagb-block-bc10f125\"><div class=\"uagb-column__overlay\"><\/div>\n<div class=\"wp-block-uagb-advanced-heading uagb-block-7ec9ff4b\"><h2 class=\"uagb-heading-text\">Visi\u00f3n<\/h2><div class=\"uagb-separator\"><\/div><\/div>\n\n\n\n<p class=\"has-ast-global-color-6-color has-text-color has-link-color wp-elements-c3cb3a39563058353f69ff023f4836f0\">La Comisi\u00f3n para la Defensa y Promoci\u00f3n de la Competencia&nbsp;(CDPC) ser\u00e1 reconocida, a nivel nacional e internacional, por su credibilidad e imparcialidad para promover y proteger el ejercicio de la libre competencia, procurando el funcionamiento eficiente del mercado y contribuyendo al desarrollo econ\u00f3mico del pa\u00eds.<\/p>\n<\/div>\n<\/div><\/section>\n\n\n\n<section class=\"wp-block-uagb-columns uagb-columns__wrap uagb-columns__background-none uagb-columns__stack-mobile uagb-columns__valign- uagb-columns__gap-10 align uagb-block-54fca3e3 uagb-columns__columns-2 uagb-columns__max_width-theme\"><div class=\"uagb-columns__overlay\"><\/div><div class=\"uagb-columns__inner-wrap uagb-columns__columns-2\">\n<div class=\"wp-block-uagb-column uagb-column__wrap uagb-column__background-undefined uagb-block-16da2b16\"><div class=\"uagb-column__overlay\"><\/div>\n<div class=\"wp-block-group is-nowrap is-layout-flex wp-container-core-group-is-layout-6c531013 wp-block-group-is-layout-flex\">\n<div class=\"wp-block-uagb-image aligncenter uagb-block-92613c1c wp-block-uagb-image--layout-default wp-block-uagb-image--effect-static wp-block-uagb-image--align-center\"><figure class=\"wp-block-uagb-image__figure\"><img decoding=\"async\" srcset=\"https:\/\/www.cdpc.hn\/wp-content\/uploads\/2024\/05\/IMG_01.jpg \" sizes=\"auto, (max-width: 480px) 150px\" src=\"https:\/\/www.cdpc.hn\/wp-content\/uploads\/2024\/05\/IMG_01.jpg\" alt=\"\" class=\"uag-image-760\" width=\"633\" height=\"474\" title=\"\" loading=\"lazy\"\/><\/figure><\/div>\n<\/div>\n\n\n\n<details class=\"wp-block-details has-ast-global-color-6-color has-text-color has-link-color wp-elements-bcff11bfddd774fcef0de4bf7d4c8965 is-layout-flow wp-container-core-details-is-layout-8a368f38 wp-block-details-is-layout-flow\" style=\"font-size:16px\"><summary>La Comisi\u00f3n para la Defensa y Promoci\u00f3n de la Competencia (CDPC), es una instituci\u00f3n aut\u00f3noma, con personalidad jur\u00eddica y patrimonio propio, con independencia funcional, administrativa, t\u00e9cnica y financiera, cuya labor se centra en dos \u00e1reas: <\/summary>\n<p class=\"has-ast-global-color-6-color has-text-color has-link-color wp-elements-f73568a4c6b85ef609fc4582a9a7efcc\">Aplicaci\u00f3n de la Ley que refiere a los procedimientos sancionatorios, concentraciones econ\u00f3micas, recomendaciones u opiniones y otras infracciones establecidas, y la segunda, es la Abogac\u00eda de la Competencia que incluye las actividades que se ejecutan en relaci\u00f3n a la promoci\u00f3n de un entorno competitivo en las actividades econ\u00f3micas.&nbsp;El Art\u00edculo 34 de la Ley para la Defensa y Promoci\u00f3n de la Competencia establece que la Comisi\u00f3n tiene las funciones siguientes:<\/p>\n<\/details>\n<\/div>\n\n\n\n<div class=\"wp-block-uagb-column uagb-column__wrap uagb-column__background-undefined uagb-block-5e781fbe\"><div class=\"uagb-column__overlay\"><\/div>\n<div class=\"wp-block-uagb-advanced-heading uagb-block-ec64933a\"><h2 class=\"uagb-heading-text\">Funciones<\/h2><div class=\"uagb-separator\"><\/div><\/div>\n\n\n\n<details class=\"wp-block-details has-ast-global-color-6-color has-text-color has-link-color wp-elements-ae8f7a8ca7f06d787755395c59d3a423 is-layout-flow wp-container-core-details-is-layout-8a368f38 wp-block-details-is-layout-flow\" style=\"font-size:16px\"><summary>La Comisi\u00f3n para la Defensa y Promoci\u00f3n de la Competencia (CDPC), es una instituci\u00f3n aut\u00f3noma, con personalidad jur\u00eddica y patrimonio propio, con independencia funcional, administrativa, t\u00e9cnica y financiera, cuya labor se centra en dos \u00e1reas: Aplicaci\u00f3n de la Ley que refiere a los procedimientos sancionatorios, concentraciones econ\u00f3micas, recomendaciones u opiniones y otras infracciones establecidas, y la segunda, es la Abogac\u00eda de la Competencia que incluye las actividades que se ejecutan en relaci\u00f3n a la promoci\u00f3n de un entorno competitivo en las actividades econ\u00f3micas.&nbsp;<\/summary>\n<p class=\"has-ast-global-color-6-color has-text-color has-link-color wp-elements-f6c3942db9c642820478ae856a4b7c90\">El Art\u00edculo 34 de la Ley para la Defensa y Promoci\u00f3n de la Competencia establece que la Comisi\u00f3n tiene las funciones siguientes:<\/p>\n<\/details>\n<\/div>\n<\/div><\/section>\n\n\n\n<div style=\"height:58px\" aria-hidden=\"true\" class=\"wp-block-spacer\"><\/div>\n\n\n\n<p><\/p>\n\n\n\n<section class=\"wp-block-uagb-columns uagb-columns__wrap uagb-columns__background-none uagb-columns__stack-none uagb-columns__valign-center uagb-columns__gap-10 align uagb-block-7bc9c597 uagb-columns__columns-2 uagb-columns__max_width-custom\"><div class=\"uagb-columns__overlay\"><\/div><div class=\"uagb-columns__inner-wrap uagb-columns__columns-2\">\n<div class=\"wp-block-uagb-column uagb-column__wrap uagb-column__background-undefined uagb-block-dac9a85c\"><div class=\"uagb-column__overlay\"><\/div>\n<div class=\"wp-block-uagb-advanced-heading uagb-block-b61f7184\"><h3 class=\"uagb-heading-text\">Trabaja con nosotros<\/h3><\/div>\n\n\n\n<section class=\"wp-block-uagb-columns uagb-columns__wrap uagb-columns__background-none uagb-columns__stack-none uagb-columns__valign-center uagb-columns__gap-5 align uagb-block-e9149cdb uagb-columns__columns-1 uagb-columns__max_width-custom\"><div class=\"uagb-columns__overlay\"><\/div><div class=\"uagb-columns__inner-wrap uagb-columns__columns-1\">\n<div class=\"wp-block-uagb-column uagb-column__wrap uagb-column__background-undefined uagb-block-e5f6f9de\"><div class=\"uagb-column__overlay\"><\/div>\n<div class=\"wp-block-uagb-buttons uagb-buttons__outer-wrap uagb-btn__default-btn uagb-btn-tablet__default-btn uagb-btn-mobile__default-btn uagb-block-e080fb03\"><div class=\"uagb-buttons__wrap uagb-buttons-layout-wrap\">\n<div data-aos= \"fade-up\" data-aos-duration=\"400\" data-aos-delay=\"0\" data-aos-easing=\"ease\" data-aos-once=\"true\" class=\"wp-block-uagb-buttons-child uagb-buttons__outer-wrap uagb-block-ea6ee186 wp-block-button\"><div class=\"uagb-button__wrapper\"><a class=\"uagb-buttons-repeater wp-block-button__link\" href=\"https:\/\/www.cdpc.hn\/?page_id=920\" onclick=\"return true;\" rel=\"follow noopener\" target=\"_blank\"><div class=\"uagb-button__link\">Click Here<\/div><span class=\"uagb-button__icon uagb-button__icon-position-after\"><svg xmlns=\"https:\/\/www.w3.org\/2000\/svg\" viewBox=\"0 0 448 512\"><path d=\"M438.6 278.6l-160 160C272.4 444.9 264.2 448 256 448s-16.38-3.125-22.62-9.375c-12.5-12.5-12.5-32.75 0-45.25L338.8 288H32C14.33 288 .0016 273.7 .0016 256S14.33 224 32 224h306.8l-105.4-105.4c-12.5-12.5-12.5-32.75 0-45.25s32.75-12.5 45.25 0l160 160C451.1 245.9 451.1 266.1 438.6 278.6z\"><\/path><\/svg><\/span><\/a><\/div><\/div>\n<\/div><\/div>\n<\/div>\n<\/div><\/section>\n<\/div>\n\n\n\n<div class=\"wp-block-uagb-column uagb-column__wrap uagb-column__background-undefined uagb-block-f50effc7\"><div class=\"uagb-column__overlay\"><\/div>\n<div class=\"wp-block-uagb-image aligncenter uagb-block-2b20f417 wp-block-uagb-image--layout-overlay wp-block-uagb-image--effect-static wp-block-uagb-image--align-center\"><figure class=\"wp-block-uagb-image__figure\"><a class=\"\" href=\"https:\/\/www.cdpc.hn\/?page_id=920\" target=\"_blank\" rel=\"noreferrer noopener\"><img decoding=\"async\" srcset=\"https:\/\/www.cdpc.hn\/wp-content\/uploads\/2024\/07\/Poster-61-\u00d7-91.4-cm-Frase-Minimalista-1-240x300.png \" sizes=\"auto, (max-width: 480px) 150px\" src=\"https:\/\/www.cdpc.hn\/wp-content\/uploads\/2024\/07\/Poster-61-\u00d7-91.4-cm-Frase-Minimalista-1-240x300.png\" alt=\"\" class=\"uag-image-935\" width=\"367\" height=\"250\" title=\"\" loading=\"lazy\"\/><\/a><div class=\"wp-block-uagb-image--layout-overlay__color-wrapper\"><\/div><div class=\"wp-block-uagb-image--layout-overlay__inner center-center\"><a class=\"wp-block-uagb-image--layout-overlay-link \" href=\"https:\/\/www.cdpc.hn\/?page_id=920\" target=\"_blank\" rel=\"noreferrer noopener\"><\/a><\/div><\/figure><\/div>\n<\/div>\n<\/div><div class=\"uagb-columns__shape uagb-columns__shape-bottom\" data-negative=\"false\"><svg xmlns=\"https:\/\/www.w3.org\/2000\/svg\" viewBox=\"0 0 1000 100\" preserveAspectRatio=\"none\"><path class=\"uagb-columns__shape-fill\" opacity=\"0.33\" d=\"M473,67.3c-203.9,88.3-263.1-34-320.3,0C66,119.1,0,59.7,0,59.7V0h1000v59.7 c0,0-62.1,26.1-94.9,29.3c-32.8,3.3-62.8-12.3-75.8-22.1C806,49.6,745.3,8.7,694.9,4.7S492.4,59,473,67.3z\"><\/path><path class=\"uagb-columns__shape-fill\" opacity=\"0.66\" d=\"M734,67.3c-45.5,0-77.2-23.2-129.1-39.1c-28.6-8.7-150.3-10.1-254,39.1 s-91.7-34.4-149.2,0C115.7,118.3,0,39.8,0,39.8V0h1000v36.5c0,0-28.2-18.5-92.1-18.5C810.2,18.1,775.7,67.3,734,67.3z\"><\/path><path class=\"uagb-columns__shape-fill\" d=\"M766.1,28.9c-200-57.5-266,65.5-395.1,19.5C242,1.8,242,5.4,184.8,20.6C128,35.8,132.3,44.9,89.9,52.5C28.6,63.7,0,0,0,0 h1000c0,0-9.9,40.9-83.6,48.1S829.6,47,766.1,28.9z\"><\/path><\/svg><\/div><\/section>\n\n\n\n<div style=\"height:23px\" aria-hidden=\"true\" class=\"wp-block-spacer\"><\/div>\n","protected":false},"excerpt":{"rendered":"<p>Historia Misi\u00f3n Somos la instituci\u00f3n rectora de la pol\u00edtica de competencia que promueve y protege su ejercicio, ejecutando acciones orientadas [&hellip;]<\/p>\n","protected":false},"author":2,"featured_media":861,"parent":0,"menu_order":0,"comment_status":"closed","ping_status":"closed","template":"","meta":{"_uag_custom_page_level_css":"","site-sidebar-layout":"no-sidebar","site-content-layout":"plain-container","ast-site-content-layout":"default","site-content-style":"default","site-sidebar-style":"default","ast-global-header-display":"","ast-banner-title-visibility":"","ast-main-header-display":"","ast-hfb-above-header-display":"","ast-hfb-below-header-display":"","ast-hfb-mobile-header-display":"","site-post-title":"disabled","ast-breadcrumbs-content":"","ast-featured-img":"disabled","footer-sml-layout":"","ast-disable-related-posts":"","theme-transparent-header-meta":"enabled","adv-header-id-meta":"","stick-header-meta":"","header-above-stick-meta":"","header-main-stick-meta":"","header-below-stick-meta":"","astra-migrate-meta-layouts":"default","ast-page-background-enabled":"default","ast-page-background-meta":{"desktop":{"background-color":"var(--ast-global-color-4)","background-image":"","background-repeat":"repeat","background-position":"center center","background-size":"auto","background-attachment":"scroll","background-type":"","background-media":"","overlay-type":"","overlay-color":"","overlay-opacity":"","overlay-gradient":""},"tablet":{"background-color":"","background-image":"","background-repeat":"repeat","background-position":"center center","background-size":"auto","background-attachment":"scroll","background-type":"","background-media":"","overlay-type":"","overlay-color":"","overlay-opacity":"","overlay-gradient":""},"mobile":{"background-color":"","background-image":"","background-repeat":"repeat","background-position":"center center","background-size":"auto","background-attachment":"scroll","background-type":"","background-media":"","overlay-type":"","overlay-color":"","overlay-opacity":"","overlay-gradient":""}},"ast-content-background-meta":{"desktop":{"background-color":"var(--ast-global-color-5)","background-image":"","background-repeat":"repeat","background-position":"center center","background-size":"auto","background-attachment":"scroll","background-type":"","background-media":"","overlay-type":"","overlay-color":"","overlay-opacity":"","overlay-gradient":""},"tablet":{"background-color":"var(--ast-global-color-5)","background-image":"","background-repeat":"repeat","background-position":"center center","background-size":"auto","background-attachment":"scroll","background-type":"","background-media":"","overlay-type":"","overlay-color":"","overlay-opacity":"","overlay-gradient":""},"mobile":{"background-color":"var(--ast-global-color-5)","background-image":"","background-repeat":"repeat","background-position":"center center","background-size":"auto","background-attachment":"scroll","background-type":"","background-media":"","overlay-type":"","overlay-color":"","overlay-opacity":"","overlay-gradient":""}},"footnotes":""},"class_list":["post-413","page","type-page","status-publish","has-post-thumbnail","hentry"],"uagb_featured_image_src":{"full":["https:\/\/www.cdpc.hn\/wp-content\/uploads\/2024\/06\/NOMBRAMIENTP-GACETA.jpg",551,760,false],"thumbnail":["https:\/\/www.cdpc.hn\/wp-content\/uploads\/2024\/06\/NOMBRAMIENTP-GACETA-150x150.jpg",150,150,true],"medium":["https:\/\/www.cdpc.hn\/wp-content\/uploads\/2024\/06\/NOMBRAMIENTP-GACETA-218x300.jpg",218,300,true],"medium_large":["https:\/\/www.cdpc.hn\/wp-content\/uploads\/2024\/06\/NOMBRAMIENTP-GACETA.jpg",551,760,false],"large":["https:\/\/www.cdpc.hn\/wp-content\/uploads\/2024\/06\/NOMBRAMIENTP-GACETA.jpg",551,760,false],"1536x1536":["https:\/\/www.cdpc.hn\/wp-content\/uploads\/2024\/06\/NOMBRAMIENTP-GACETA.jpg",551,760,false],"2048x2048":["https:\/\/www.cdpc.hn\/wp-content\/uploads\/2024\/06\/NOMBRAMIENTP-GACETA.jpg",551,760,false]},"uagb_author_info":{"display_name":"Junnior Sanchez","author_link":"https:\/\/www.cdpc.hn\/?author=2"},"uagb_comment_info":0,"uagb_excerpt":"Historia Misi\u00f3n Somos la instituci\u00f3n rectora de la pol\u00edtica de competencia que promueve y protege su ejercicio, ejecutando acciones orientadas [&hellip;]","_links":{"self":[{"href":"https:\/\/www.cdpc.hn\/index.php?rest_route=\/wp\/v2\/pages\/413","targetHints":{"allow":["GET"]}}],"collection":[{"href":"https:\/\/www.cdpc.hn\/index.php?rest_route=\/wp\/v2\/pages"}],"about":[{"href":"https:\/\/www.cdpc.hn\/index.php?rest_route=\/wp\/v2\/types\/page"}],"author":[{"embeddable":true,"href":"https:\/\/www.cdpc.hn\/index.php?rest_route=\/wp\/v2\/users\/2"}],"replies":[{"embeddable":true,"href":"https:\/\/www.cdpc.hn\/index.php?rest_route=%2Fwp%2Fv2%2Fcomments&post=413"}],"version-history":[{"count":93,"href":"https:\/\/www.cdpc.hn\/index.php?rest_route=\/wp\/v2\/pages\/413\/revisions"}],"predecessor-version":[{"id":1453,"href":"https:\/\/www.cdpc.hn\/index.php?rest_route=\/wp\/v2\/pages\/413\/revisions\/1453"}],"wp:featuredmedia":[{"embeddable":true,"href":"https:\/\/www.cdpc.hn\/index.php?rest_route=\/wp\/v2\/media\/861"}],"wp:attachment":[{"href":"https:\/\/www.cdpc.hn\/index.php?rest_route=%2Fwp%2Fv2%2Fmedia&parent=413"}],"curies":[{"name":"wp","href":"https:\/\/api.w.org\/{rel}","templated":true}]}}