{"id":414,"date":"2020-09-15T06:48:39","date_gmt":"2020-09-15T06:48:39","guid":{"rendered":"https:\/\/www.cdpc.hn\/?page_id=414"},"modified":"2025-08-18T15:54:20","modified_gmt":"2025-08-18T21:54:20","slug":"defensa-de-la-competencia","status":"publish","type":"page","link":"https:\/\/www.cdpc.hn\/?page_id=414","title":{"rendered":"Defensa de la Competencia"},"content":{"rendered":"\n<div class=\"wp-block-uagb-separator uagb-block-d6092212\"><div class=\"wp-block-uagb-separator__inner\" style=\"--my-background-image:\"><\/div><\/div>\n\n\n\n<div class=\"wp-block-uagb-container uagb-block-c13d8ee7 default uagb-is-root-container\">\n<div class=\"wp-block-uagb-container uagb-block-3abeec44\">\n<h1 class=\"wp-block-heading has-text-align-center\" style=\"margin-top:0px;margin-right:0;margin-bottom:0px;margin-left:0\">Defensa de la Competencia<\/h1>\n\n\n\n<p class=\"has-text-align-center\">La defensa de la Competencia es una de las actividades m\u00e1s importantes por cuanto resume el buen manejo de la Pol\u00edtica de Competencia y la aplicaci\u00f3n de la Ley, cuyos resultados a la fecha han generado dos tipos de impacto, primero, frenar los da\u00f1os a la sociedad por causa de pr\u00e1cticas anticompetitivas y segundo, sanciones pecuniarias.<\/p>\n<\/div>\n<\/div>\n\n\n\n<div style=\"height:45px\" aria-hidden=\"true\" class=\"wp-block-spacer\"><\/div>\n\n\n\n<div class=\"wp-block-group is-layout-constrained wp-block-group-is-layout-constrained\">\n<section class=\"wp-block-uagb-columns uagb-columns__wrap uagb-columns__background-none uagb-columns__stack-mobile uagb-columns__valign- uagb-columns__gap-10 align uagb-block-47e00918 uagb-columns__columns-5 uagb-columns__max_width-theme\"><div class=\"uagb-columns__overlay\"><\/div><div class=\"uagb-columns__inner-wrap uagb-columns__columns-5\">\n<div class=\"wp-block-uagb-column uagb-column__wrap uagb-column__background-undefined uagb-block-bcc79262\"><div class=\"uagb-column__overlay\"><\/div>\n<div class=\"wp-block-uagb-image aligncenter uagb-block-a53dca46 wp-block-uagb-image--layout-overlay wp-block-uagb-image--effect-blur wp-block-uagb-image--align-center\"><figure class=\"wp-block-uagb-image__figure\"><a class=\"\" href=\"https:\/\/www.cdpc.hn\/?page_id=1308\" target=\"_blank\" rel=\"https:\/\/www.cdpc.hn\/?page_id=1308\"><img loading=\"lazy\" decoding=\"async\" srcset=\"https:\/\/www.cdpc.hn\/wp-content\/uploads\/2025\/08\/ESTUDIOS-SECTORIALES.png ,https:\/\/www.cdpc.hn\/wp-content\/uploads\/2025\/08\/ESTUDIOS-SECTORIALES.png 780w, https:\/\/www.cdpc.hn\/wp-content\/uploads\/2025\/08\/ESTUDIOS-SECTORIALES.png 360w\" sizes=\"auto, (max-width: 480px) 150px\" src=\"https:\/\/www.cdpc.hn\/wp-content\/uploads\/2025\/08\/ESTUDIOS-SECTORIALES.png\" alt=\"\" class=\"uag-image-2192\" width=\"200\" height=\"150\" title=\"\" role=\"presentation\"\/><\/a><div class=\"wp-block-uagb-image--layout-overlay__color-wrapper\"><\/div><div class=\"wp-block-uagb-image--layout-overlay__inner center-center\"><a class=\"wp-block-uagb-image--layout-overlay-link \" href=\"https:\/\/www.cdpc.hn\/?page_id=1308\" target=\"_blank\" rel=\"https:\/\/www.cdpc.hn\/?page_id=1308\"><\/a><h5 class=\"uagb-image-heading\"><a href=\"https:\/\/www.cdpc.hn\/?page_id=1308\" target=\"_blank\" rel=\"noreferrer noopener\">Estudios Sectoriales<\/a><\/h5><\/div><\/figure><\/div>\n<\/div>\n\n\n\n<div class=\"wp-block-uagb-column uagb-column__wrap uagb-column__background-undefined uagb-block-e9fbe811\"><div class=\"uagb-column__overlay\"><\/div>\n<div class=\"wp-block-uagb-image aligncenter uagb-block-299ebccb wp-block-uagb-image--layout-overlay wp-block-uagb-image--effect-blur wp-block-uagb-image--align-center\"><figure class=\"wp-block-uagb-image__figure\"><a class=\"\" href=\"https:\/\/www.cdpc.hn\/?page_id=1270\" target=\"_blank\" rel=\"noreferrer noopener\"><img loading=\"lazy\" decoding=\"async\" srcset=\"https:\/\/www.cdpc.hn\/wp-content\/uploads\/2025\/08\/MARCO-JURIDICO-1.png ,https:\/\/www.cdpc.hn\/wp-content\/uploads\/2025\/08\/MARCO-JURIDICO-1.png 780w, https:\/\/www.cdpc.hn\/wp-content\/uploads\/2025\/08\/MARCO-JURIDICO-1.png 360w\" sizes=\"auto, (max-width: 480px) 150px\" src=\"https:\/\/www.cdpc.hn\/wp-content\/uploads\/2025\/08\/MARCO-JURIDICO-1.png\" alt=\"\" class=\"uag-image-2194\" width=\"150\" height=\"150\" title=\"\" role=\"presentation\"\/><\/a><div class=\"wp-block-uagb-image--layout-overlay__color-wrapper\"><\/div><div class=\"wp-block-uagb-image--layout-overlay__inner center-center\"><a class=\"wp-block-uagb-image--layout-overlay-link \" href=\"https:\/\/www.cdpc.hn\/?page_id=1270\" target=\"_blank\" rel=\"noreferrer noopener\"><\/a><h5 class=\"uagb-image-heading\"><a href=\"https:\/\/www.cdpc.hn\/?page_id=1270\" data-type=\"page\" data-id=\"1270\" target=\"_blank\" rel=\"noreferrer noopener\">Marco Jur\u00eddico<\/a><\/h5><\/div><\/figure><\/div>\n<\/div>\n\n\n\n<div class=\"wp-block-uagb-column uagb-column__wrap uagb-column__background-undefined uagb-block-f35d013e\"><div class=\"uagb-column__overlay\"><\/div>\n<div class=\"wp-block-uagb-image aligncenter uagb-block-2aa59cd9 wp-block-uagb-image--layout-overlay wp-block-uagb-image--effect-blur wp-block-uagb-image--align-center\"><figure class=\"wp-block-uagb-image__figure\"><a class=\"\" href=\"https:\/\/www.cdpc.hn\/?page_id=1099\" target=\"_blank\" rel=\"noreferrer noopener\"><img decoding=\"async\" srcset=\"https:\/\/www.cdpc.hn\/wp-content\/uploads\/2025\/08\/PRACTICAS-ANTICOMPETITIVAS.png ,https:\/\/www.cdpc.hn\/wp-content\/uploads\/2025\/08\/PRACTICAS-ANTICOMPETITIVAS.png 780w, https:\/\/www.cdpc.hn\/wp-content\/uploads\/2025\/08\/PRACTICAS-ANTICOMPETITIVAS.png 360w\" sizes=\"auto, (max-width: 480px) 150px\" src=\"https:\/\/www.cdpc.hn\/wp-content\/uploads\/2025\/08\/PRACTICAS-ANTICOMPETITIVAS.png\" alt=\"\" class=\"uag-image-2195\" width=\"200\" height=\"150\" title=\"\" loading=\"lazy\" role=\"presentation\"\/><\/a><div class=\"wp-block-uagb-image--layout-overlay__color-wrapper\"><\/div><div class=\"wp-block-uagb-image--layout-overlay__inner center-center\"><a class=\"wp-block-uagb-image--layout-overlay-link \" href=\"https:\/\/www.cdpc.hn\/?page_id=1099\" target=\"_blank\" rel=\"noreferrer noopener\"><\/a><h5 class=\"uagb-image-heading\"><a href=\"https:\/\/www.cdpc.hn\/?page_id=1099\" data-type=\"page\" data-id=\"1099\" target=\"_blank\" rel=\"noreferrer noopener\">Practicas<br>Anticompetitiva<\/a>s<\/h5><\/div><\/figure><\/div>\n<\/div>\n\n\n\n<div class=\"wp-block-uagb-column uagb-column__wrap uagb-column__background-undefined uagb-block-d26126c3\"><div class=\"uagb-column__overlay\"><\/div>\n<div class=\"wp-block-uagb-image aligncenter uagb-block-baefdaa0 wp-block-uagb-image--layout-overlay wp-block-uagb-image--effect-blur wp-block-uagb-image--align-center\"><figure class=\"wp-block-uagb-image__figure\"><a class=\"\" href=\"https:\/\/www.cdpc.hn\/?page_id=1268\" target=\"_blank\" rel=\"noreferrer noopener\"><img decoding=\"async\" srcset=\"https:\/\/www.cdpc.hn\/wp-content\/uploads\/2025\/08\/RESOLUCIONES-NORMATIVAS-1.png ,https:\/\/www.cdpc.hn\/wp-content\/uploads\/2025\/08\/RESOLUCIONES-NORMATIVAS-1.png 780w, https:\/\/www.cdpc.hn\/wp-content\/uploads\/2025\/08\/RESOLUCIONES-NORMATIVAS-1.png 360w\" sizes=\"auto, (max-width: 480px) 150px\" src=\"https:\/\/www.cdpc.hn\/wp-content\/uploads\/2025\/08\/RESOLUCIONES-NORMATIVAS-1.png\" alt=\"\" class=\"uag-image-2196\" width=\"200\" height=\"150\" title=\"\" loading=\"lazy\" role=\"presentation\"\/><\/a><div class=\"wp-block-uagb-image--layout-overlay__color-wrapper\"><\/div><div class=\"wp-block-uagb-image--layout-overlay__inner center-center\"><a class=\"wp-block-uagb-image--layout-overlay-link \" href=\"https:\/\/www.cdpc.hn\/?page_id=1268\" target=\"_blank\" rel=\"noreferrer noopener\"><\/a><h5 class=\"uagb-image-heading\"><a href=\"https:\/\/www.cdpc.hn\/?page_id=1268\" data-type=\"page\" data-id=\"1268\" target=\"_blank\" rel=\"noreferrer noopener\">Resoluciones<br>Normativas<\/a><\/h5><\/div><\/figure><\/div>\n<\/div>\n\n\n\n<div class=\"wp-block-uagb-column uagb-column__wrap uagb-column__background-undefined uagb-block-b9483b19\"><div class=\"uagb-column__overlay\"><\/div>\n<div class=\"wp-block-uagb-image aligncenter uagb-block-0a934f6e wp-block-uagb-image--layout-overlay wp-block-uagb-image--effect-blur wp-block-uagb-image--align-center\"><figure class=\"wp-block-uagb-image__figure\"><a class=\"\" href=\"https:\/\/www.cdpc.hn\/?page_id=1272\" target=\"_blank\" rel=\"noreferrer noopener\"><img decoding=\"async\" srcset=\"https:\/\/www.cdpc.hn\/wp-content\/uploads\/2025\/08\/CONSUILTA-Y-OPINIONES.png ,https:\/\/www.cdpc.hn\/wp-content\/uploads\/2025\/08\/CONSUILTA-Y-OPINIONES.png 780w, https:\/\/www.cdpc.hn\/wp-content\/uploads\/2025\/08\/CONSUILTA-Y-OPINIONES.png 360w\" sizes=\"auto, (max-width: 480px) 150px\" src=\"https:\/\/www.cdpc.hn\/wp-content\/uploads\/2025\/08\/CONSUILTA-Y-OPINIONES.png\" alt=\"\" class=\"uag-image-2197\" width=\"200\" height=\"150\" title=\"\" loading=\"lazy\" role=\"presentation\"\/><\/a><div class=\"wp-block-uagb-image--layout-overlay__color-wrapper\"><\/div><div class=\"wp-block-uagb-image--layout-overlay__inner center-center\"><a class=\"wp-block-uagb-image--layout-overlay-link \" href=\"https:\/\/www.cdpc.hn\/?page_id=1272\" target=\"_blank\" rel=\"noreferrer noopener\"><\/a><h5 class=\"uagb-image-heading\"><a href=\"https:\/\/www.cdpc.hn\/?page_id=1272\" data-type=\"page\" data-id=\"1272\" target=\"_blank\" rel=\"noreferrer noopener\">Consulta y Opiniones<\/a><\/h5><\/div><\/figure><\/div>\n<\/div>\n<\/div><\/section>\n\n\n\n<section class=\"wp-block-uagb-columns uagb-columns__wrap uagb-columns__background-none uagb-columns__stack-mobile uagb-columns__valign- uagb-columns__gap-10 align uagb-block-2218121a uagb-columns__columns-5 uagb-columns__max_width-theme\"><div class=\"uagb-columns__overlay\"><\/div><div class=\"uagb-columns__inner-wrap uagb-columns__columns-5\">\n<div class=\"wp-block-uagb-column uagb-column__wrap uagb-column__background-undefined uagb-block-bc49a3a0\"><div class=\"uagb-column__overlay\"><\/div>\n<div class=\"wp-block-uagb-image aligncenter uagb-block-9343e1b5 wp-block-uagb-image--layout-overlay wp-block-uagb-image--effect-blur wp-block-uagb-image--align-center\"><figure class=\"wp-block-uagb-image__figure\"><a class=\"\" href=\"https:\/\/www.cdpc.hn\/?page_id=2282\" target=\"_blank\" rel=\"noreferrer noopener\"><img decoding=\"async\" srcset=\"https:\/\/www.cdpc.hn\/wp-content\/uploads\/2025\/08\/CONCENTRACIONES-ECONOMICAS.png ,https:\/\/www.cdpc.hn\/wp-content\/uploads\/2025\/08\/CONCENTRACIONES-ECONOMICAS.png 780w, https:\/\/www.cdpc.hn\/wp-content\/uploads\/2025\/08\/CONCENTRACIONES-ECONOMICAS.png 360w\" sizes=\"auto, (max-width: 480px) 150px\" src=\"https:\/\/www.cdpc.hn\/wp-content\/uploads\/2025\/08\/CONCENTRACIONES-ECONOMICAS.png\" alt=\"\" class=\"uag-image-2198\" width=\"200\" height=\"150\" title=\"\" loading=\"lazy\" role=\"presentation\"\/><\/a><div class=\"wp-block-uagb-image--layout-overlay__color-wrapper\"><\/div><div class=\"wp-block-uagb-image--layout-overlay__inner center-center\"><a class=\"wp-block-uagb-image--layout-overlay-link \" href=\"https:\/\/www.cdpc.hn\/?page_id=2282\" target=\"_blank\" rel=\"noreferrer noopener\"><\/a><h5 class=\"uagb-image-heading\"><a href=\"https:\/\/www.cdpc.hn\/?page_id=2282\" data-type=\"link\" data-id=\"https:\/\/www.cdpc.hn\/?page_id=2282\" target=\"_blank\" rel=\"noreferrer noopener\">Concentraciones  Econ\u00f3micas<\/a><\/h5><\/div><\/figure><\/div>\n<\/div>\n\n\n\n<div class=\"wp-block-uagb-column uagb-column__wrap uagb-column__background-undefined uagb-block-762071ae\"><div class=\"uagb-column__overlay\"><\/div>\n<div class=\"wp-block-uagb-image aligncenter uagb-block-adca32be wp-block-uagb-image--layout-overlay wp-block-uagb-image--effect-blur wp-block-uagb-image--align-center\"><figure class=\"wp-block-uagb-image__figure\"><a class=\"\" href=\"https:\/\/www.cdpc.hn\/?page_id=1270\" target=\"_blank\" rel=\"noreferrer noopener\"><img decoding=\"async\" srcset=\"https:\/\/www.cdpc.hn\/wp-content\/uploads\/2025\/08\/LEY-PARA-LA-DEFENSA.png ,https:\/\/www.cdpc.hn\/wp-content\/uploads\/2025\/08\/LEY-PARA-LA-DEFENSA.png 780w, https:\/\/www.cdpc.hn\/wp-content\/uploads\/2025\/08\/LEY-PARA-LA-DEFENSA.png 360w\" sizes=\"auto, (max-width: 480px) 150px\" src=\"https:\/\/www.cdpc.hn\/wp-content\/uploads\/2025\/08\/LEY-PARA-LA-DEFENSA.png\" alt=\"\" class=\"uag-image-2199\" width=\"200\" height=\"150\" title=\"\" loading=\"lazy\" role=\"presentation\"\/><\/a><div class=\"wp-block-uagb-image--layout-overlay__color-wrapper\"><\/div><div class=\"wp-block-uagb-image--layout-overlay__inner center-center\"><a class=\"wp-block-uagb-image--layout-overlay-link \" href=\"https:\/\/www.cdpc.hn\/?page_id=1270\" target=\"_blank\" rel=\"noreferrer noopener\"><\/a><h6 class=\"uagb-image-heading\"><a href=\"https:\/\/www.cdpc.hn\/?page_id=1270\" data-type=\"page\" data-id=\"1270\" target=\"_blank\" rel=\"noreferrer noopener\">Ley para la Defensa y Promoci\u00f3n de la Competencia<\/a><\/h6><\/div><\/figure><\/div>\n<\/div>\n\n\n\n<div class=\"wp-block-uagb-column uagb-column__wrap uagb-column__background-undefined uagb-block-34b3e774\"><div class=\"uagb-column__overlay\"><\/div>\n<div class=\"wp-block-uagb-image aligncenter uagb-block-77a41ceb wp-block-uagb-image--layout-overlay wp-block-uagb-image--effect-blur wp-block-uagb-image--align-center\"><figure class=\"wp-block-uagb-image__figure\"><a class=\"\" href=\"https:\/\/www.cdpc.hn\/?page_id=664\" target=\"_blank\" rel=\"noreferrer noopener\"><img decoding=\"async\" srcset=\"https:\/\/www.cdpc.hn\/wp-content\/uploads\/2025\/08\/PRENSA.png ,https:\/\/www.cdpc.hn\/wp-content\/uploads\/2025\/08\/PRENSA.png 780w, https:\/\/www.cdpc.hn\/wp-content\/uploads\/2025\/08\/PRENSA.png 360w\" sizes=\"auto, (max-width: 480px) 150px\" src=\"https:\/\/www.cdpc.hn\/wp-content\/uploads\/2025\/08\/PRENSA.png\" alt=\"\" class=\"uag-image-2200\" width=\"200\" height=\"150\" title=\"\" loading=\"lazy\" role=\"presentation\"\/><\/a><div class=\"wp-block-uagb-image--layout-overlay__color-wrapper\"><\/div><div class=\"wp-block-uagb-image--layout-overlay__inner center-center\"><a class=\"wp-block-uagb-image--layout-overlay-link \" href=\"https:\/\/www.cdpc.hn\/?page_id=664\" target=\"_blank\" rel=\"noreferrer noopener\"><\/a><h5 class=\"uagb-image-heading\"><a href=\"https:\/\/www.cdpc.hn\/?page_id=664\" data-type=\"link\" data-id=\"https:\/\/www.cdpc.hn\/?page_id=664\" target=\"_blank\" rel=\"noreferrer noopener\">Prensa<\/a><\/h5><\/div><\/figure><\/div>\n<\/div>\n\n\n\n<div class=\"wp-block-uagb-column uagb-column__wrap uagb-column__background-undefined uagb-block-3743bc0d\"><div class=\"uagb-column__overlay\"><\/div>\n<div class=\"wp-block-uagb-image aligncenter uagb-block-d53d3095 wp-block-uagb-image--layout-overlay wp-block-uagb-image--effect-blur wp-block-uagb-image--align-center\"><figure class=\"wp-block-uagb-image__figure\"><a class=\"\" href=\"https:\/\/www.cdpc.hn\/?page_id=1939\" target=\"_blank\" rel=\"noreferrer noopener\"><img decoding=\"async\" srcset=\"https:\/\/www.cdpc.hn\/wp-content\/uploads\/2025\/08\/SOLICITUD-DE-CAPACITACION.png ,https:\/\/www.cdpc.hn\/wp-content\/uploads\/2025\/08\/SOLICITUD-DE-CAPACITACION.png 780w, https:\/\/www.cdpc.hn\/wp-content\/uploads\/2025\/08\/SOLICITUD-DE-CAPACITACION.png 360w\" sizes=\"auto, (max-width: 480px) 150px\" src=\"https:\/\/www.cdpc.hn\/wp-content\/uploads\/2025\/08\/SOLICITUD-DE-CAPACITACION.png\" alt=\"\" class=\"uag-image-2201\" width=\"200\" height=\"150\" title=\"\" loading=\"lazy\" role=\"presentation\"\/><\/a><div class=\"wp-block-uagb-image--layout-overlay__color-wrapper\"><\/div><div class=\"wp-block-uagb-image--layout-overlay__inner center-center\"><a class=\"wp-block-uagb-image--layout-overlay-link \" href=\"https:\/\/www.cdpc.hn\/?page_id=1939\" target=\"_blank\" rel=\"noreferrer noopener\"><\/a><h5 class=\"uagb-image-heading\"><a href=\"https:\/\/www.cdpc.hn\/?page_id=1939\" data-type=\"page\" data-id=\"1939\" target=\"_blank\" rel=\"noreferrer noopener\">Solicitud de Capacitaci\u00f3n<\/a><\/h5><\/div><\/figure><\/div>\n<\/div>\n\n\n\n<div class=\"wp-block-uagb-column uagb-column__wrap uagb-column__background-undefined uagb-block-e5430f69\"><div class=\"uagb-column__overlay\"><\/div>\n<div class=\"wp-block-uagb-image aligncenter uagb-block-fb0ccb01 wp-block-uagb-image--layout-overlay wp-block-uagb-image--effect-blur wp-block-uagb-image--align-center\"><figure class=\"wp-block-uagb-image__figure\"><a class=\"\" href=\"https:\/\/portalunico.iaip.gob.hn\/25\/\" target=\"\" rel=\"noopener\"><img decoding=\"async\" srcset=\"https:\/\/www.cdpc.hn\/wp-content\/uploads\/2024\/06\/logos-04.1e59041d532339df07c9-1024x1024.png ,https:\/\/www.cdpc.hn\/wp-content\/uploads\/2024\/06\/logos-04.1e59041d532339df07c9.png 780w, https:\/\/www.cdpc.hn\/wp-content\/uploads\/2024\/06\/logos-04.1e59041d532339df07c9.png 360w\" sizes=\"auto, (max-width: 480px) 150px\" src=\"https:\/\/www.cdpc.hn\/wp-content\/uploads\/2024\/06\/logos-04.1e59041d532339df07c9-1024x1024.png\" alt=\"\" class=\"uag-image-785\" width=\"154\" height=\"129\" title=\"\" loading=\"lazy\" role=\"presentation\"\/><\/a><div class=\"wp-block-uagb-image--layout-overlay__color-wrapper\"><\/div><div class=\"wp-block-uagb-image--layout-overlay__inner center-center\"><a class=\"wp-block-uagb-image--layout-overlay-link \" href=\"https:\/\/portalunico.iaip.gob.hn\/25\/\" target=\"\" rel=\"noopener\"><\/a><h5 class=\"uagb-image-heading\"><a href=\"https:\/\/portalunico.iaip.gob.hn\/25\/\" data-type=\"link\" data-id=\"https:\/\/portalunico.iaip.gob.hn\/25\/\" target=\"_blank\" rel=\"noreferrer noopener\">Portal \u00danico de Transparencia <\/a><\/h5><\/div><\/figure><\/div>\n<\/div>\n<\/div><\/section>\n<\/div>\n","protected":false},"excerpt":{"rendered":"<p>Defensa de la Competencia La defensa de la Competencia es una de las actividades m\u00e1s importantes por cuanto resume el [&hellip;]<\/p>\n","protected":false},"author":2,"featured_media":0,"parent":0,"menu_order":0,"comment_status":"closed","ping_status":"closed","template":"","meta":{"_uag_custom_page_level_css":"","site-sidebar-layout":"no-sidebar","site-content-layout":"plain-container","ast-site-content-layout":"default","site-content-style":"default","site-sidebar-style":"default","ast-global-header-display":"","ast-banner-title-visibility":"","ast-main-header-display":"","ast-hfb-above-header-display":"","ast-hfb-below-header-display":"","ast-hfb-mobile-header-display":"","site-post-title":"disabled","ast-breadcrumbs-content":"","ast-featured-img":"","footer-sml-layout":"","ast-disable-related-posts":"","theme-transparent-header-meta":"enabled","adv-header-id-meta":"","stick-header-meta":"","header-above-stick-meta":"","header-main-stick-meta":"","header-below-stick-meta":"","astra-migrate-meta-layouts":"default","ast-page-background-enabled":"default","ast-page-background-meta":{"desktop":{"background-color":"var(--ast-global-color-4)","background-image":"","background-repeat":"repeat","background-position":"center center","background-size":"auto","background-attachment":"scroll","background-type":"","background-media":"","overlay-type":"","overlay-color":"","overlay-opacity":"","overlay-gradient":""},"tablet":{"background-color":"","background-image":"","background-repeat":"repeat","background-position":"center center","background-size":"auto","background-attachment":"scroll","background-type":"","background-media":"","overlay-type":"","overlay-color":"","overlay-opacity":"","overlay-gradient":""},"mobile":{"background-color":"","background-image":"","background-repeat":"repeat","background-position":"center center","background-size":"auto","background-attachment":"scroll","background-type":"","background-media":"","overlay-type":"","overlay-color":"","overlay-opacity":"","overlay-gradient":""}},"ast-content-background-meta":{"desktop":{"background-color":"var(--ast-global-color-5)","background-image":"","background-repeat":"repeat","background-position":"center center","background-size":"auto","background-attachment":"scroll","background-type":"","background-media":"","overlay-type":"","overlay-color":"","overlay-opacity":"","overlay-gradient":""},"tablet":{"background-color":"var(--ast-global-color-5)","background-image":"","background-repeat":"repeat","background-position":"center center","background-size":"auto","background-attachment":"scroll","background-type":"","background-media":"","overlay-type":"","overlay-color":"","overlay-opacity":"","overlay-gradient":""},"mobile":{"background-color":"var(--ast-global-color-5)","background-image":"","background-repeat":"repeat","background-position":"center center","background-size":"auto","background-attachment":"scroll","background-type":"","background-media":"","overlay-type":"","overlay-color":"","overlay-opacity":"","overlay-gradient":""}},"footnotes":""},"class_list":["post-414","page","type-page","status-publish","hentry"],"uagb_featured_image_src":{"full":false,"thumbnail":false,"medium":false,"medium_large":false,"large":false,"1536x1536":false,"2048x2048":false},"uagb_author_info":{"display_name":"Junnior Sanchez","author_link":"https:\/\/www.cdpc.hn\/?author=2"},"uagb_comment_info":0,"uagb_excerpt":"Defensa de la Competencia La defensa de la Competencia es una de las actividades m\u00e1s importantes por cuanto resume el [&hellip;]","_links":{"self":[{"href":"https:\/\/www.cdpc.hn\/index.php?rest_route=\/wp\/v2\/pages\/414","targetHints":{"allow":["GET"]}}],"collection":[{"href":"https:\/\/www.cdpc.hn\/index.php?rest_route=\/wp\/v2\/pages"}],"about":[{"href":"https:\/\/www.cdpc.hn\/index.php?rest_route=\/wp\/v2\/types\/page"}],"author":[{"embeddable":true,"href":"https:\/\/www.cdpc.hn\/index.php?rest_route=\/wp\/v2\/users\/2"}],"replies":[{"embeddable":true,"href":"https:\/\/www.cdpc.hn\/index.php?rest_route=%2Fwp%2Fv2%2Fcomments&post=414"}],"version-history":[{"count":90,"href":"https:\/\/www.cdpc.hn\/index.php?rest_route=\/wp\/v2\/pages\/414\/revisions"}],"predecessor-version":[{"id":2178,"href":"https:\/\/www.cdpc.hn\/index.php?rest_route=\/wp\/v2\/pages\/414\/revisions\/2178"}],"wp:attachment":[{"href":"https:\/\/www.cdpc.hn\/index.php?rest_route=%2Fwp%2Fv2%2Fmedia&parent=414"}],"curies":[{"name":"wp","href":"https:\/\/api.w.org\/{rel}","templated":true}]}}